{"id":304,"date":"2025-07-05T09:04:14","date_gmt":"2025-07-05T09:04:14","guid":{"rendered":"https:\/\/ver0drone.com\/?page_id=304"},"modified":"2025-07-29T17:37:08","modified_gmt":"2025-07-29T17:37:08","slug":"wohin-ubermitteln-wir-ihre-daten","status":"publish","type":"page","link":"https:\/\/ver0drone.com\/de\/wohin-ubermitteln-wir-ihre-daten\/","title":{"rendered":"WOHIN \u00dcBERMITTELN WIR IHRE DATEN?"},"content":{"rendered":"<p>Sofern dies zu den oben genannten Zwecken erforderlich ist, werden Ihre Daten an folgende Empf\u00e4nger \u00fcbermittelt:<\/p>\n\n\n\n<p>Goran matic - immersioinfinita <\/p>\n\n\n\n<p>Dar\u00fcber hinaus umfasst Ihre Nutzung der Dienste auch die \u00dcbermittlung, Speicherung und Verarbeitung Ihrer personenbezogenen Daten in folgende L\u00e4nder, soweit dies erforderlich ist: L\u00e4nder des Europ\u00e4ischen Wirtschaftsraums, die Vereinigten Staaten von Amerika, das Vereinigte K\u00f6nigreich, die Schweiz, China, Singapur, Vietnam, Indien, Kanada, Mexiko, die Philippinen und Japan. F\u00fcr einige L\u00e4nder hat die Europ\u00e4ische Kommission einen Beschluss erlassen, der die Angemessenheit des dortigen Schutzes Ihrer personenbezogenen Daten feststellt. Eine Liste dieser L\u00e4nder finden Sie hier: https:\/\/ec.europa.eu\/info\/law\/law-topic\/data-protection\/international-dimension-data-protection\/adequacy-decisions_en.&nbsp;<a href=\"https:\/\/ec.europa.eu\/info\/law\/law-topic\/data-protection\/international-dimension-data-protection\/adequacy-decisions_en\" target=\"_blank\" rel=\"noreferrer noopener\">https:\/\/ec.europa.eu\/info\/law\/law-topic\/data-protection\/international-dimension-data-protection\/adequacy-decisions_en<\/a>.<\/p>\n\n\n\n<p><\/p>","protected":false},"excerpt":{"rendered":"<p>If this is necessary for the purposes stated above, your data will be transmitted to the following recipient: Goran matic [&hellip;]<\/p>","protected":false},"author":1,"featured_media":0,"parent":0,"menu_order":0,"comment_status":"closed","ping_status":"closed","template":"","meta":{"site-sidebar-layout":"default","site-content-layout":"","ast-site-content-layout":"default","site-content-style":"default","site-sidebar-style":"default","ast-global-header-display":"","ast-banner-title-visibility":"","ast-main-header-display":"","ast-hfb-above-header-display":"","ast-hfb-below-header-display":"","ast-hfb-mobile-header-display":"","site-post-title":"","ast-breadcrumbs-content":"","ast-featured-img":"","footer-sml-layout":"","ast-disable-related-posts":"","theme-transparent-header-meta":"","adv-header-id-meta":"","stick-header-meta":"","header-above-stick-meta":"","header-main-stick-meta":"","header-below-stick-meta":"","astra-migrate-meta-layouts":"default","ast-page-background-enabled":"default","ast-page-background-meta":{"desktop":{"background-color":"var(--ast-global-color-5)","background-image":"","background-repeat":"repeat","background-position":"center center","background-size":"auto","background-attachment":"scroll","background-type":"","background-media":"","overlay-type":"","overlay-color":"","overlay-opacity":"","overlay-gradient":""},"tablet":{"background-color":"","background-image":"","background-repeat":"repeat","background-position":"center center","background-size":"auto","background-attachment":"scroll","background-type":"","background-media":"","overlay-type":"","overlay-color":"","overlay-opacity":"","overlay-gradient":""},"mobile":{"background-color":"","background-image":"","background-repeat":"repeat","background-position":"center center","background-size":"auto","background-attachment":"scroll","background-type":"","background-media":"","overlay-type":"","overlay-color":"","overlay-opacity":"","overlay-gradient":""}},"ast-content-background-meta":{"desktop":{"background-color":"var(--ast-global-color-4)","background-image":"","background-repeat":"repeat","background-position":"center center","background-size":"auto","background-attachment":"scroll","background-type":"","background-media":"","overlay-type":"","overlay-color":"","overlay-opacity":"","overlay-gradient":""},"tablet":{"background-color":"var(--ast-global-color-4)","background-image":"","background-repeat":"repeat","background-position":"center center","background-size":"auto","background-attachment":"scroll","background-type":"","background-media":"","overlay-type":"","overlay-color":"","overlay-opacity":"","overlay-gradient":""},"mobile":{"background-color":"var(--ast-global-color-4)","background-image":"","background-repeat":"repeat","background-position":"center center","background-size":"auto","background-attachment":"scroll","background-type":"","background-media":"","overlay-type":"","overlay-color":"","overlay-opacity":"","overlay-gradient":""}},"footnotes":""},"class_list":["post-304","page","type-page","status-publish","hentry"],"_links":{"self":[{"href":"https:\/\/ver0drone.com\/de\/wp-json\/wp\/v2\/pages\/304","targetHints":{"allow":["GET"]}}],"collection":[{"href":"https:\/\/ver0drone.com\/de\/wp-json\/wp\/v2\/pages"}],"about":[{"href":"https:\/\/ver0drone.com\/de\/wp-json\/wp\/v2\/types\/page"}],"author":[{"embeddable":true,"href":"https:\/\/ver0drone.com\/de\/wp-json\/wp\/v2\/users\/1"}],"replies":[{"embeddable":true,"href":"https:\/\/ver0drone.com\/de\/wp-json\/wp\/v2\/comments?post=304"}],"version-history":[{"count":1,"href":"https:\/\/ver0drone.com\/de\/wp-json\/wp\/v2\/pages\/304\/revisions"}],"predecessor-version":[{"id":490,"href":"https:\/\/ver0drone.com\/de\/wp-json\/wp\/v2\/pages\/304\/revisions\/490"}],"wp:attachment":[{"href":"https:\/\/ver0drone.com\/de\/wp-json\/wp\/v2\/media?parent=304"}],"curies":[{"name":"wp","href":"https:\/\/api.w.org\/{rel}","templated":true}]}}