{"id":300,"date":"2025-07-05T08:46:07","date_gmt":"2025-07-05T08:46:07","guid":{"rendered":"https:\/\/ver0drone.com\/?page_id=300"},"modified":"2025-07-05T08:46:09","modified_gmt":"2025-07-05T08:46:09","slug":"datenschutzerklarung-der-sammlung","status":"publish","type":"page","link":"https:\/\/ver0drone.com\/de\/datenschutzerklarung-der-sammlung\/","title":{"rendered":"DATENSCHUTZERKL\u00c4RUNG ZUR DATENERHEBUNG"},"content":{"rendered":"<p>Datum des Inkrafttretens: 1. Februar 2025.<\/p>\n\n\n\n<p>Diese Datenschutzerkl\u00e4rung gilt f\u00fcr alle Dienste von Goran Matic - Immersioninfinita.<\/p>\n\n\n\n<p>Wir bitten Sie, die Datenschutzerkl\u00e4rung regelm\u00e4\u00dfig auf Aktualisierungen zu \u00fcberpr\u00fcfen. Wir aktualisieren diese Datenschutzerkl\u00e4rung von Zeit zu Zeit, um \u00c4nderungen unserer Datenschutzpraktiken im Zusammenhang mit den Dienstleistungen oder \u00c4nderungen des geltenden Rechts zu erfassen. Wir werden Sie im Voraus \u00fcber wesentliche \u00c4nderungen unserer Datenschutzerkl\u00e4rung durch einen Hinweis auf unserer Website oder auf Ihrem Ger\u00e4t informieren und am Anfang der Datenschutzerkl\u00e4rung angeben, wann diese zuletzt aktualisiert wurde. Die aktuelle Version der Datenschutzerkl\u00e4rung finden Sie hier: Zus\u00e4tzlich zu dieser Datenschutzerkl\u00e4rung kann Goran Matic - Immersioninfinita auch spezifische Datenschutzinformationen zu bestimmten Produkten und Dienstleistungen bereitstellen. Im Falle einer Abweichung von den Bestimmungen dieser Datenschutzerkl\u00e4rung und eines spezifischen Datenschutzhinweises haben die Bestimmungen des spezifischen Datenschutzhinweises Vorrang.<\/p>\n\n\n\n<p>Diese Datenschutzerkl\u00e4rung dient nicht dazu, Ihre Einwilligung einzuholen. Gegebenenfalls werden wir Ihre gesonderte Einwilligung zur Datenerhebung einholen oder Sie gesondert dar\u00fcber informieren, wie wir Ihre personenbezogenen Daten in einer nicht in der Datenschutzerkl\u00e4rung beschriebenen Weise erheben, wenn dies f\u00fcr bestimmte zus\u00e4tzliche Leistungen erforderlich ist.<\/p>","protected":false},"excerpt":{"rendered":"<p>Effective date: 1. February 2025. This data protection declaration applies to all &nbsp;services from Goran Matic \u2013 Immersioninfinita. We kindly [&hellip;]<\/p>","protected":false},"author":1,"featured_media":0,"parent":0,"menu_order":0,"comment_status":"closed","ping_status":"closed","template":"","meta":{"site-sidebar-layout":"default","site-content-layout":"","ast-site-content-layout":"default","site-content-style":"default","site-sidebar-style":"default","ast-global-header-display":"","ast-banner-title-visibility":"","ast-main-header-display":"","ast-hfb-above-header-display":"","ast-hfb-below-header-display":"","ast-hfb-mobile-header-display":"","site-post-title":"","ast-breadcrumbs-content":"","ast-featured-img":"","footer-sml-layout":"","ast-disable-related-posts":"","theme-transparent-header-meta":"","adv-header-id-meta":"","stick-header-meta":"","header-above-stick-meta":"","header-main-stick-meta":"","header-below-stick-meta":"","astra-migrate-meta-layouts":"default","ast-page-background-enabled":"default","ast-page-background-meta":{"desktop":{"background-color":"var(--ast-global-color-5)","background-image":"","background-repeat":"repeat","background-position":"center center","background-size":"auto","background-attachment":"scroll","background-type":"","background-media":"","overlay-type":"","overlay-color":"","overlay-opacity":"","overlay-gradient":""},"tablet":{"background-color":"","background-image":"","background-repeat":"repeat","background-position":"center center","background-size":"auto","background-attachment":"scroll","background-type":"","background-media":"","overlay-type":"","overlay-color":"","overlay-opacity":"","overlay-gradient":""},"mobile":{"background-color":"","background-image":"","background-repeat":"repeat","background-position":"center center","background-size":"auto","background-attachment":"scroll","background-type":"","background-media":"","overlay-type":"","overlay-color":"","overlay-opacity":"","overlay-gradient":""}},"ast-content-background-meta":{"desktop":{"background-color":"var(--ast-global-color-4)","background-image":"","background-repeat":"repeat","background-position":"center center","background-size":"auto","background-attachment":"scroll","background-type":"","background-media":"","overlay-type":"","overlay-color":"","overlay-opacity":"","overlay-gradient":""},"tablet":{"background-color":"var(--ast-global-color-4)","background-image":"","background-repeat":"repeat","background-position":"center center","background-size":"auto","background-attachment":"scroll","background-type":"","background-media":"","overlay-type":"","overlay-color":"","overlay-opacity":"","overlay-gradient":""},"mobile":{"background-color":"var(--ast-global-color-4)","background-image":"","background-repeat":"repeat","background-position":"center center","background-size":"auto","background-attachment":"scroll","background-type":"","background-media":"","overlay-type":"","overlay-color":"","overlay-opacity":"","overlay-gradient":""}},"footnotes":""},"class_list":["post-300","page","type-page","status-publish","hentry"],"_links":{"self":[{"href":"https:\/\/ver0drone.com\/de\/wp-json\/wp\/v2\/pages\/300","targetHints":{"allow":["GET"]}}],"collection":[{"href":"https:\/\/ver0drone.com\/de\/wp-json\/wp\/v2\/pages"}],"about":[{"href":"https:\/\/ver0drone.com\/de\/wp-json\/wp\/v2\/types\/page"}],"author":[{"embeddable":true,"href":"https:\/\/ver0drone.com\/de\/wp-json\/wp\/v2\/users\/1"}],"replies":[{"embeddable":true,"href":"https:\/\/ver0drone.com\/de\/wp-json\/wp\/v2\/comments?post=300"}],"version-history":[{"count":0,"href":"https:\/\/ver0drone.com\/de\/wp-json\/wp\/v2\/pages\/300\/revisions"}],"wp:attachment":[{"href":"https:\/\/ver0drone.com\/de\/wp-json\/wp\/v2\/media?parent=300"}],"curies":[{"name":"wp","href":"https:\/\/api.w.org\/{rel}","templated":true}]}}