{"id":297,"date":"2025-07-05T08:45:01","date_gmt":"2025-07-05T08:45:01","guid":{"rendered":"https:\/\/ver0drone.com\/?page_id=297"},"modified":"2025-07-05T08:45:03","modified_gmt":"2025-07-05T08:45:03","slug":"wann-wir-ihre-daten-weitergeben","status":"publish","type":"page","link":"https:\/\/ver0drone.com\/de\/wann-wir-ihre-daten-weitergeben\/","title":{"rendered":"WANN GEBEN WIR IHRE DATEN WEITER?"},"content":{"rendered":"<p>Wir geben Ihre Daten zu den oben genannten Zwecken intern in unserem Unternehmen und an die folgenden Unternehmen weiter:<\/p>\n\n\n\n<ul class=\"wp-block-list\">\n<li><strong>Verbundene Unternehmen:&nbsp;<\/strong>Andere Unternehmen in der GoraNn Matic - immersioinfinita, die wir kontrollieren oder besitzen.<\/li>\n\n\n\n<li><strong>Gesch\u00e4ftspartner:&nbsp;<\/strong>Partner, mit denen wir zusammenarbeiten. Wenn Sie zum Beispiel ein Produkt auf unserer Website kaufen, arbeiten wir mit einer Bank zusammen, damit Sie einen unserer Dienste f\u00fcr schnellere und effizientere Zahlungen nutzen k\u00f6nnen. Diese Gesch\u00e4ftspartner kontrollieren und verwalten Ihre personenbezogenen Daten.<\/li>\n\n\n\n<li><strong>Dienstanbieter:&nbsp;<\/strong>Sorgf\u00e4ltig ausgew\u00e4hlte Unternehmen, die in unserem Auftrag Dienstleistungen erbringen, wie z. B. Unternehmen, die uns bei Reparaturen, Kundenkontaktzentren, Kundendienstaktivit\u00e4ten, Werbung (einschlie\u00dflich personalisierter Werbung auf unseren Websites, Websites Dritter, Online-Plattformen oder Social-Media-Seiten) helfen, Umfragen zur Kundenzufriedenheit oder Rechnungsbearbeitung durchf\u00fchren oder E-Mails in unserem Auftrag versenden. Auch diese Anbieter sind zum Schutz Ihrer Daten verpflichtet.<\/li>\n\n\n\n<li><strong>Andere Parteien, soweit dies gesetzlich vorgeschrieben ist oder zum Schutz unserer Dienstleistungen:&nbsp;<\/strong>So kann es beispielsweise aufgrund eines Gesetzes, eines Gerichtsverfahrens oder einer beh\u00f6rdlichen Entscheidung erforderlich sein, Ihre Daten offenzulegen. Diese Parteien k\u00f6nnen Ihre Daten auch aus Gr\u00fcnden der Strafverfolgung, der nationalen Sicherheit, der Terrorismusbek\u00e4mpfung oder aus anderen Gr\u00fcnden der \u00f6ffentlichen Sicherheit von uns anfordern.<\/li>\n\n\n\n<li><strong>Andere Parteien im Zusammenhang mit Unternehmenstransaktionen:&nbsp;<\/strong>Wir k\u00f6nnen Ihre Daten im Rahmen einer \u00dcbernahme oder \u00dcbertragung, eines Erwerbs oder Verkaufs oder im Falle eines Konkurses an Dritte weitergeben.<\/li>\n\n\n\n<li><strong>Andere Parteien mit Ihrer gesonderten Zustimmung oder auf Ihre Anweisung:&nbsp;<\/strong>\u00dcber die in dieser Datenschutzerkl\u00e4rung beschriebenen Weitergaben hinaus k\u00f6nnen wir Daten \u00fcber Sie an Dritte weitergeben, wenn Sie einer solchen Weitergabe gesondert zustimmen oder sie beantragen.<\/li>\n<\/ul>","protected":false},"excerpt":{"rendered":"<p>Wir geben Ihre Daten zu den oben genannten Zwecken intern in unserem Unternehmen und an die folgenden Unternehmen weiter:<\/p>","protected":false},"author":1,"featured_media":0,"parent":0,"menu_order":0,"comment_status":"closed","ping_status":"closed","template":"","meta":{"site-sidebar-layout":"default","site-content-layout":"","ast-site-content-layout":"default","site-content-style":"default","site-sidebar-style":"default","ast-global-header-display":"","ast-banner-title-visibility":"","ast-main-header-display":"","ast-hfb-above-header-display":"","ast-hfb-below-header-display":"","ast-hfb-mobile-header-display":"","site-post-title":"","ast-breadcrumbs-content":"","ast-featured-img":"","footer-sml-layout":"","ast-disable-related-posts":"","theme-transparent-header-meta":"","adv-header-id-meta":"","stick-header-meta":"","header-above-stick-meta":"","header-main-stick-meta":"","header-below-stick-meta":"","astra-migrate-meta-layouts":"default","ast-page-background-enabled":"default","ast-page-background-meta":{"desktop":{"background-color":"var(--ast-global-color-5)","background-image":"","background-repeat":"repeat","background-position":"center center","background-size":"auto","background-attachment":"scroll","background-type":"","background-media":"","overlay-type":"","overlay-color":"","overlay-opacity":"","overlay-gradient":""},"tablet":{"background-color":"","background-image":"","background-repeat":"repeat","background-position":"center center","background-size":"auto","background-attachment":"scroll","background-type":"","background-media":"","overlay-type":"","overlay-color":"","overlay-opacity":"","overlay-gradient":""},"mobile":{"background-color":"","background-image":"","background-repeat":"repeat","background-position":"center center","background-size":"auto","background-attachment":"scroll","background-type":"","background-media":"","overlay-type":"","overlay-color":"","overlay-opacity":"","overlay-gradient":""}},"ast-content-background-meta":{"desktop":{"background-color":"var(--ast-global-color-4)","background-image":"","background-repeat":"repeat","background-position":"center center","background-size":"auto","background-attachment":"scroll","background-type":"","background-media":"","overlay-type":"","overlay-color":"","overlay-opacity":"","overlay-gradient":""},"tablet":{"background-color":"var(--ast-global-color-4)","background-image":"","background-repeat":"repeat","background-position":"center center","background-size":"auto","background-attachment":"scroll","background-type":"","background-media":"","overlay-type":"","overlay-color":"","overlay-opacity":"","overlay-gradient":""},"mobile":{"background-color":"var(--ast-global-color-4)","background-image":"","background-repeat":"repeat","background-position":"center center","background-size":"auto","background-attachment":"scroll","background-type":"","background-media":"","overlay-type":"","overlay-color":"","overlay-opacity":"","overlay-gradient":""}},"footnotes":""},"class_list":["post-297","page","type-page","status-publish","hentry"],"_links":{"self":[{"href":"https:\/\/ver0drone.com\/de\/wp-json\/wp\/v2\/pages\/297","targetHints":{"allow":["GET"]}}],"collection":[{"href":"https:\/\/ver0drone.com\/de\/wp-json\/wp\/v2\/pages"}],"about":[{"href":"https:\/\/ver0drone.com\/de\/wp-json\/wp\/v2\/types\/page"}],"author":[{"embeddable":true,"href":"https:\/\/ver0drone.com\/de\/wp-json\/wp\/v2\/users\/1"}],"replies":[{"embeddable":true,"href":"https:\/\/ver0drone.com\/de\/wp-json\/wp\/v2\/comments?post=297"}],"version-history":[{"count":0,"href":"https:\/\/ver0drone.com\/de\/wp-json\/wp\/v2\/pages\/297\/revisions"}],"wp:attachment":[{"href":"https:\/\/ver0drone.com\/de\/wp-json\/wp\/v2\/media?parent=297"}],"curies":[{"name":"wp","href":"https:\/\/api.w.org\/{rel}","templated":true}]}}