{"id":295,"date":"2025-07-05T08:43:38","date_gmt":"2025-07-05T08:43:38","guid":{"rendered":"https:\/\/ver0drone.com\/?page_id=295"},"modified":"2025-07-05T08:43:40","modified_gmt":"2025-07-05T08:43:40","slug":"welche-daten-haben-wir","status":"publish","type":"page","link":"https:\/\/ver0drone.com\/de\/welche-daten-haben-wir\/","title":{"rendered":"WELCHE DATEN HABEN WIR?"},"content":{"rendered":"<p>Goran Matic \u2013 Immersioninfinita sammelt auf verschiedene Weise Informationen von Ihnen.<\/p>\n\n\n\n<p>Von Ihnen direkt bereitgestellte Daten<\/p>\n\n\n\n<p>Bei einigen Diensten k\u00f6nnen Sie Daten direkt mit uns teilen. Zum Beispiel:<\/p>\n\n\n\n<ul class=\"wp-block-list\">\n<li>Wenn Sie bei uns ein Konto oder Profil anlegen, fragen wir Sie nach Informationen wie Ihrem Namen, Ihrem Geburtsdatum oder Ihrer E-Mail-Adresse.<\/li>\n\n\n\n<li>Wenn Sie bei uns ein Produkt oder eine kostenpflichtige Dienstleistung bestellen, erfragen wir zur Abwicklung Ihrer Bestellung Ihren Namen, Ihre Adresse, Ihre Kontaktdaten sowie Ihre Versand- und Zahlungsdaten. Sie k\u00f6nnen w\u00e4hlen, ob Sie Ihre Zahlungsinformationen bei uns speichern m\u00f6chten, um Ihnen den n\u00e4chsten Zahlungsvorgang zu erleichtern.<\/li>\n\n\n\n<li>Wenn Sie unseren Kundendienst kontaktieren, ben\u00f6tigen wir Informationen zur \u00dcberpr\u00fcfung Ihrer Identit\u00e4t und des Produkts, um das Sie sich bewerben, um Ihnen eine Antwort geben zu k\u00f6nnen.<\/li>\n\n\n\n<li>Wenn Sie mit unseren Kundendienstmitarbeitern oder anderen Servicemitarbeitern kommunizieren, wird Ihre Kommunikation \u00fcber unsere Systeme \u00fcbertragen.<\/li>\n\n\n\n<li>Wenn Sie Ihre Kontakte freigeben, erfassen wir deren Telefonnummern und weitere Kontaktinformationen, um den Dateiaustausch und die Nachrichten\u00fcbermittlung zu erleichtern. Sie k\u00f6nnen diese Funktionen in den Ger\u00e4teeinstellungen deaktivieren oder einschr\u00e4nken.<\/li>\n<\/ul>\n\n\n\n<p>Daten \u00fcber Ihre Nutzung der Dienste<\/p>\n\n\n\n<p>Zus\u00e4tzlich zu den von Ihnen bereitgestellten Daten erfassen wir \u00fcber die Software auf Ihren Ger\u00e4ten und auf andere Weise Daten \u00fcber Ihre Nutzung unserer Dienste. Zu diesen Informationen geh\u00f6ren:<\/p>\n\n\n\n<ul class=\"wp-block-list\">\n<li><strong>Ger\u00e4teinformationen:&nbsp;<\/strong>Ihre Ger\u00e4teinformationen, einschlie\u00dflich verbundener Ger\u00e4te (z. B. das Modell und der Hersteller) und Software (z. B. das Betriebssystem und die Softwareversionen) Ihres Ger\u00e4ts, die IMEI-Nummer und andere eindeutige Ger\u00e4tekennungen (z. B. Mobile Country Code, Mobile Network Code (Mobilfunknetzcode), die MAC-Adresse, IP-Adresse, Seriennummer, eindeutige Ger\u00e4tekennungen, Werbekennung (z. B. f\u00fcr Mobilger\u00e4te die Google AD ID und Android ID sowie f\u00fcr Anzeigeger\u00e4te die personalisierte Service-ID (Personalized Service ID, \u201ePSID\u201c) und die Tizen-Werbekennung (Tizen Identifier for Advertising, \u201eTIFA\u201c)), Telefonnummer, Verkaufscode, Zugangsdaten, Abonnementdaten und Einstellungen der Ger\u00e4te, mit denen Sie auf die Dienste zugreifen.<\/li>\n\n\n\n<li><strong>Informationen zur Registrierung:&nbsp;<\/strong>Diagnostische, technische, fehlerbezogene und nutzungsbezogene Daten, z. B. Zeitpunkt und Dauer Ihrer Nutzung der Dienste, auf Ihren Ger\u00e4ten installierte Dienste, Suchbegriffe, die Sie im Zusammenhang mit einem bestimmten Dienst von Samsung auf Ihrem Ger\u00e4t eingeben, und alle Informationen, die wir in Cookies auf Ihrem Ger\u00e4t speichern, sowie Fehlerberichte und Dump-Protokolle.<\/li>\n\n\n\n<li><strong>Standortinformationen:&nbsp;<\/strong>Bei der Nutzung bestimmter Dienste k\u00f6nnen uns Informationen \u00fcber nahegelegene WLAN-Zugangspunkte und Mobilfunkmasten oder das GPS-Signal Ihres Endger\u00e4tes \u00fcbermittelt werden. Dar\u00fcber hinaus k\u00f6nnen bei bestimmten Diensten auch Postleitzahlen und aus IP-Adressen abgeleitete Standorte an uns \u00fcbermittelt werden, sofern Sie solche Dienste nutzen.<\/li>\n<\/ul>\n\n\n\n<ul class=\"wp-block-list\">\n<li><strong>Sprachinformationen:&nbsp;<\/strong>Aufzeichnungen Ihrer Stimme, die wir erstellen und auf unseren Servern speichern, wenn Sie diese Funktion aktivieren und Sprachbefehle zur Steuerung eines Dienstes verwenden. Sprachaufzeichnungen werden mit Ihrer Einwilligung auch aufgezeichnet, wenn Sie unseren Kundenservice kontaktieren. Bitte beachten Sie: Sofern wir mit einem externen Dienstleister zusammenarbeiten, der in unserem Auftrag Sprache in Text umwandelt, erh\u00e4lt und speichert dieser bestimmte Sprachbefehle gem\u00e4\u00df dem zwischen uns und unserem vertrauensw\u00fcrdigen externen Dienstleister geschlossenen Vertrag.<\/li>\n<\/ul>\n\n\n\n<p>\u00d6ffentlich oder kommerziell verf\u00fcgbare oder geteilte Informationen<\/p>\n\n\n\n<p>Manchmal erfassen wir \u00f6ffentliche oder kommerziell verf\u00fcgbare Informationen, darunter auch Informationen aus den von Ihnen genutzten sozialen Netzwerken, und kombinieren diese mit anderen Informationen \u00fcber Sie, damit wir Ihre Bed\u00fcrfnisse, Interessen und Vorlieben besser verstehen k\u00f6nnen.<\/p>\n\n\n\n<p>Weitere von uns erhobene Daten<\/p>\n\n\n\n<p>Wir erfassen auch weitere Daten \u00fcber Sie, Ihre Ger\u00e4te oder Ihre Nutzung von Diensten, deren \u00dcbermittlung Sie uns zugestimmt haben. Wir holen Ihre Einwilligung gem\u00e4\u00df den geltenden Gesetzen ein.<\/p>\n\n\n\n<p>Analysedienste von Drittanbietern<\/p>\n\n\n\n<p>\u00dcber bestimmte Dienste erfassen wir personenbezogene Daten \u00fcber Ihre Online-Aktivit\u00e4ten auf Websites und verbundenen Ger\u00e4ten in und mit verschiedenen Websites, Ger\u00e4ten, Apps und anderen Online-Funktionen und -Diensten von Drittanbietern. F\u00fcr die Dienste verwenden wir Analysedienste von Drittanbietern wie Google Analytics und Adobe Analytics. Die Dienstanbieter, die diese Analysedienste verwalten, unterst\u00fctzen uns dabei, Ihre Nutzung der Dienste zu analysieren und die Dienste zu verbessern. Die erhaltenen Informationen geben wir an diese Anbieter weiter oder sie werden direkt von diesen Anbietern und anderen relevanten Drittanbietern erfasst, die die Daten beispielsweise verwenden, um die Nutzung der Dienste auszuwerten, die Verwaltung der Dienste zu unterst\u00fctzen oder technische Probleme zu diagnostizieren. Weitere Informationen zu Google Analytics finden Sie unter&nbsp;<a href=\"http:\/\/www.google.com\/analytics\/learn\/privacy.html\">http:\/\/www.google.com\/analytics\/learn\/privacy.html<\/a>&nbsp;und&nbsp;<a href=\"https:\/\/www.google.com\/policies\/privacy\/partners\/\">https:\/\/www.google.com\/policies\/privacy\/partners\/<\/a>.<\/p>\n\n\n\n<p>Ihre Auswahl<\/p>\n\n\n\n<p>Sie k\u00f6nnen sich daf\u00fcr entscheiden, uns bestimmte Arten von Daten nicht zur Verf\u00fcgung zu stellen, z. B. Informationen, die beim Kauf eines Produkts oder einer Dienstleistung angefordert werden. In einigen F\u00e4llen kann dies Ihre M\u00f6glichkeiten zur Nutzung einiger Dienste einschr\u00e4nken. Wir werden unser Bestes tun, um Ihnen diese Einschr\u00e4nkungen zu erkl\u00e4ren, wenn wir Sie nach Ihren Daten fragen, damit Sie eine fundierte Entscheidung treffen k\u00f6nnen.<\/p>\n\n\n\n<p><\/p>","protected":false},"excerpt":{"rendered":"<p>Goran Matic &#8211; Immersioninfinita collects information from you in various ways. Data provided directly by you Some services allow you [&hellip;]<\/p>","protected":false},"author":1,"featured_media":0,"parent":0,"menu_order":0,"comment_status":"closed","ping_status":"closed","template":"","meta":{"site-sidebar-layout":"default","site-content-layout":"","ast-site-content-layout":"default","site-content-style":"default","site-sidebar-style":"default","ast-global-header-display":"","ast-banner-title-visibility":"","ast-main-header-display":"","ast-hfb-above-header-display":"","ast-hfb-below-header-display":"","ast-hfb-mobile-header-display":"","site-post-title":"","ast-breadcrumbs-content":"","ast-featured-img":"","footer-sml-layout":"","ast-disable-related-posts":"","theme-transparent-header-meta":"","adv-header-id-meta":"","stick-header-meta":"","header-above-stick-meta":"","header-main-stick-meta":"","header-below-stick-meta":"","astra-migrate-meta-layouts":"default","ast-page-background-enabled":"default","ast-page-background-meta":{"desktop":{"background-color":"var(--ast-global-color-5)","background-image":"","background-repeat":"repeat","background-position":"center center","background-size":"auto","background-attachment":"scroll","background-type":"","background-media":"","overlay-type":"","overlay-color":"","overlay-opacity":"","overlay-gradient":""},"tablet":{"background-color":"","background-image":"","background-repeat":"repeat","background-position":"center center","background-size":"auto","background-attachment":"scroll","background-type":"","background-media":"","overlay-type":"","overlay-color":"","overlay-opacity":"","overlay-gradient":""},"mobile":{"background-color":"","background-image":"","background-repeat":"repeat","background-position":"center center","background-size":"auto","background-attachment":"scroll","background-type":"","background-media":"","overlay-type":"","overlay-color":"","overlay-opacity":"","overlay-gradient":""}},"ast-content-background-meta":{"desktop":{"background-color":"var(--ast-global-color-4)","background-image":"","background-repeat":"repeat","background-position":"center center","background-size":"auto","background-attachment":"scroll","background-type":"","background-media":"","overlay-type":"","overlay-color":"","overlay-opacity":"","overlay-gradient":""},"tablet":{"background-color":"var(--ast-global-color-4)","background-image":"","background-repeat":"repeat","background-position":"center center","background-size":"auto","background-attachment":"scroll","background-type":"","background-media":"","overlay-type":"","overlay-color":"","overlay-opacity":"","overlay-gradient":""},"mobile":{"background-color":"var(--ast-global-color-4)","background-image":"","background-repeat":"repeat","background-position":"center center","background-size":"auto","background-attachment":"scroll","background-type":"","background-media":"","overlay-type":"","overlay-color":"","overlay-opacity":"","overlay-gradient":""}},"footnotes":""},"class_list":["post-295","page","type-page","status-publish","hentry"],"_links":{"self":[{"href":"https:\/\/ver0drone.com\/de\/wp-json\/wp\/v2\/pages\/295","targetHints":{"allow":["GET"]}}],"collection":[{"href":"https:\/\/ver0drone.com\/de\/wp-json\/wp\/v2\/pages"}],"about":[{"href":"https:\/\/ver0drone.com\/de\/wp-json\/wp\/v2\/types\/page"}],"author":[{"embeddable":true,"href":"https:\/\/ver0drone.com\/de\/wp-json\/wp\/v2\/users\/1"}],"replies":[{"embeddable":true,"href":"https:\/\/ver0drone.com\/de\/wp-json\/wp\/v2\/comments?post=295"}],"version-history":[{"count":0,"href":"https:\/\/ver0drone.com\/de\/wp-json\/wp\/v2\/pages\/295\/revisions"}],"wp:attachment":[{"href":"https:\/\/ver0drone.com\/de\/wp-json\/wp\/v2\/media?parent=295"}],"curies":[{"name":"wp","href":"https:\/\/api.w.org\/{rel}","templated":true}]}}