{"id":293,"date":"2025-07-05T08:42:42","date_gmt":"2025-07-05T08:42:42","guid":{"rendered":"https:\/\/ver0drone.com\/?page_id=293"},"modified":"2025-07-05T08:42:43","modified_gmt":"2025-07-05T08:42:43","slug":"welche-rechte-haben-sie","status":"publish","type":"page","link":"https:\/\/ver0drone.com\/de\/welche-rechte-haben-sie\/","title":{"rendered":"WELCHE RECHTE HABEN SIE?"},"content":{"rendered":"<p>Ihre personenbezogenen Daten geh\u00f6ren Ihnen. Sie haben das Recht, Auskunft \u00fcber die von uns erhobenen personenbezogenen Daten zu erhalten, das Recht, von uns die L\u00f6schung dieser Daten oder die Berichtigung unrichtiger personenbezogener Daten zu verlangen. Sie k\u00f6nnen uns auch auffordern, die Verarbeitung, Offenlegung oder \u00dcbermittlung Ihrer personenbezogenen Daten einzuschr\u00e4nken oder zu begrenzen sowie Ihnen die von uns erhobenen personenbezogenen Daten zur Verf\u00fcgung zu stellen, damit Sie sie f\u00fcr Ihre eigenen Zwecke verwenden k\u00f6nnen. Sie haben das Recht auf Daten\u00fcbertragbarkeit, d. h. Sie k\u00f6nnen uns auffordern, Ihnen oder einem Dritten Ihre personenbezogenen Daten in einem maschinenlesbaren Format bereitzustellen. Sie k\u00f6nnen der Verarbeitung Ihrer personenbezogenen Daten auch widersprechen und Ihre Einwilligung widerrufen. Die Aufforderung zur L\u00f6schung Ihrer personenbezogenen Daten kann jedoch auch zu einem Verlust des Zugriffs auf die von uns bereitgestellten Dienste f\u00fchren. Wir l\u00f6schen keine Daten, zu deren Aufbewahrung wir gesetzlich verpflichtet sind.<\/p>\n\n\n\n<p><br>Sie haben au\u00dferdem das Recht, jederzeit Widerspruch gegen die Verarbeitung Ihrer Daten aufgrund berechtigter Interessen sowie gegen die Verwendung Ihrer Daten f\u00fcr Direktwerbung und Profiling zu Werbezwecken einzulegen.<\/p>\n\n\n\n<p>Bei Fragen zu Ihren Rechten oder anderen Anliegen nehmen Sie bitte Kontakt mit uns auf.<\/p>","protected":false},"excerpt":{"rendered":"<p>Your personal data is yours. You have the right to receive information about the personal data we collect, the right [&hellip;]<\/p>","protected":false},"author":1,"featured_media":0,"parent":0,"menu_order":0,"comment_status":"closed","ping_status":"closed","template":"","meta":{"site-sidebar-layout":"default","site-content-layout":"","ast-site-content-layout":"default","site-content-style":"default","site-sidebar-style":"default","ast-global-header-display":"","ast-banner-title-visibility":"","ast-main-header-display":"","ast-hfb-above-header-display":"","ast-hfb-below-header-display":"","ast-hfb-mobile-header-display":"","site-post-title":"","ast-breadcrumbs-content":"","ast-featured-img":"","footer-sml-layout":"","ast-disable-related-posts":"","theme-transparent-header-meta":"","adv-header-id-meta":"","stick-header-meta":"","header-above-stick-meta":"","header-main-stick-meta":"","header-below-stick-meta":"","astra-migrate-meta-layouts":"default","ast-page-background-enabled":"default","ast-page-background-meta":{"desktop":{"background-color":"var(--ast-global-color-5)","background-image":"","background-repeat":"repeat","background-position":"center center","background-size":"auto","background-attachment":"scroll","background-type":"","background-media":"","overlay-type":"","overlay-color":"","overlay-opacity":"","overlay-gradient":""},"tablet":{"background-color":"","background-image":"","background-repeat":"repeat","background-position":"center center","background-size":"auto","background-attachment":"scroll","background-type":"","background-media":"","overlay-type":"","overlay-color":"","overlay-opacity":"","overlay-gradient":""},"mobile":{"background-color":"","background-image":"","background-repeat":"repeat","background-position":"center center","background-size":"auto","background-attachment":"scroll","background-type":"","background-media":"","overlay-type":"","overlay-color":"","overlay-opacity":"","overlay-gradient":""}},"ast-content-background-meta":{"desktop":{"background-color":"var(--ast-global-color-4)","background-image":"","background-repeat":"repeat","background-position":"center center","background-size":"auto","background-attachment":"scroll","background-type":"","background-media":"","overlay-type":"","overlay-color":"","overlay-opacity":"","overlay-gradient":""},"tablet":{"background-color":"var(--ast-global-color-4)","background-image":"","background-repeat":"repeat","background-position":"center center","background-size":"auto","background-attachment":"scroll","background-type":"","background-media":"","overlay-type":"","overlay-color":"","overlay-opacity":"","overlay-gradient":""},"mobile":{"background-color":"var(--ast-global-color-4)","background-image":"","background-repeat":"repeat","background-position":"center center","background-size":"auto","background-attachment":"scroll","background-type":"","background-media":"","overlay-type":"","overlay-color":"","overlay-opacity":"","overlay-gradient":""}},"footnotes":""},"class_list":["post-293","page","type-page","status-publish","hentry"],"_links":{"self":[{"href":"https:\/\/ver0drone.com\/de\/wp-json\/wp\/v2\/pages\/293","targetHints":{"allow":["GET"]}}],"collection":[{"href":"https:\/\/ver0drone.com\/de\/wp-json\/wp\/v2\/pages"}],"about":[{"href":"https:\/\/ver0drone.com\/de\/wp-json\/wp\/v2\/types\/page"}],"author":[{"embeddable":true,"href":"https:\/\/ver0drone.com\/de\/wp-json\/wp\/v2\/users\/1"}],"replies":[{"embeddable":true,"href":"https:\/\/ver0drone.com\/de\/wp-json\/wp\/v2\/comments?post=293"}],"version-history":[{"count":0,"href":"https:\/\/ver0drone.com\/de\/wp-json\/wp\/v2\/pages\/293\/revisions"}],"wp:attachment":[{"href":"https:\/\/ver0drone.com\/de\/wp-json\/wp\/v2\/media?parent=293"}],"curies":[{"name":"wp","href":"https:\/\/api.w.org\/{rel}","templated":true}]}}