{"id":282,"date":"2025-07-05T08:31:43","date_gmt":"2025-07-05T08:31:43","guid":{"rendered":"https:\/\/ver0drone.com\/?page_id=282"},"modified":"2025-07-13T10:58:13","modified_gmt":"2025-07-13T10:58:13","slug":"datenschutzrichtlinie-2","status":"publish","type":"page","link":"https:\/\/ver0drone.com\/de\/datenschutzrichtlinie-2\/","title":{"rendered":"Datenschutzerkl\u00e4rung"},"content":{"rendered":"<h2 class=\"wp-block-heading\">ZUSAMMENFASSUNG DER DATENSCHUTZERKL\u00c4RUNG VON SAMS<\/h2>\n\n\n\n<p>Goran Matic \u2013 Immersioinfinita (in dieser Datenschutzerkl\u00e4rung als \u201eGoran Matic \u2013 immersioinfinita\u201c, \u201eimmersioinfinita\u201c, \u201ewir\u201c, \u201ever0\u201c oder \u201ever0dr0ne\u201c bezeichnet), mit Sitz in \u00d6sterreich, wei\u00df, wie wichtig Datenschutz f\u00fcr unsere Kunden ist. Wir stellen sicher, dass Sie verstehen, wie wir Ihre personenbezogenen Daten \u00fcber all unsere Goran Matic \u2013 immersioinfinita Produkte und Dienstleistungen, von Mobiltelefonen bis hin zu VR (Virtual Reality), erfassen.<\/p>\n\n\n\n<p>Diese Datenschutzerkl\u00e4rung gilt f\u00fcr all unsere Produkte und Dienstleistungen. Bei Bedarf stellen wir auch zus\u00e4tzliche Informationen zum Datenschutz im Zusammenhang mit bestimmten Produkten und Dienstleistungen bereit.<\/p>\n\n\n\n<p>Diese Datenschutzerkl\u00e4rung dient Ihrer Information und nicht der Einholung Ihrer Zustimmung.<\/p>\n\n\n\n<h2 class=\"wp-block-heading\">\u00dcBERBLICK \u00dcBER PERSONENBEZOGENE DATEN<\/h2>\n\n\n\n<p>Wir erfassen personenbezogene Daten, die Sie uns direkt zur Verf\u00fcgung stellen, Daten \u00fcber Ihre Nutzung unserer Produkte und Dienstleistungen sowie Daten von Dritten. Wir verwenden diese Daten, um Ihnen Produkte und Dienstleistungen bereitzustellen, um zu verstehen, wie Sie unsere Produkte und Dienstleistungen nutzen, damit wir Ihr Nutzererlebnis verbessern und personalisieren k\u00f6nnen, und um die relevantesten Apps, Technologien und Inhalte f\u00fcr unsere Kunden zu entwickeln. Wir verwenden personenbezogene Daten auch in \u00dcbereinstimmung mit geltenden Gesetzen, um personalisierte Werbung anzubieten, die auf Ihre Interessen zugeschnitten ist.<\/p>\n\n\n\n<h2 class=\"wp-block-heading\">WEITERGABE IHRER PERSONENBEZOGENEN DATEN<\/h2>\n\n\n\n<p>Wir geben Ihre personenbezogenen Daten an verbundene Unternehmen von Goran Matic \u2013 Immersioinfinita sowie an Unternehmen weiter, die Produkte und Dienstleistungen im Auftrag von Goran Matic \u2013 Immersioinfinita bereitstellen. Wir geben Ihre personenbezogenen Daten auch an vertrauensw\u00fcrdige Partnerunternehmen wie Mobilfunkbetreiber oder Unternehmen weiter, die Ihnen die von Ihnen ben\u00f6tigten Produkte und Dienstleistungen anbieten. Wenn Ihre gesonderte Zustimmung vorliegt, k\u00f6nnen Gesch\u00e4ftspartner Ihre Daten verwenden, um Ihnen Informationen \u00fcber Produkte und Dienstleistungen zukommen zu lassen, die f\u00fcr Sie von Interesse sein k\u00f6nnten. Wir geben personenbezogene Daten an Strafverfolgungsbeh\u00f6rden weiter, wenn dies gesetzlich vorgeschrieben ist oder zum Schutz von Goran Matic \u2013 immersioinfinita und seinen Nutzern erforderlich ist.<\/p>\n\n\n\n<p><\/p>","protected":false},"excerpt":{"rendered":"<p>SUMMARY OF THE DATA PROTECTION DECLARATION OF SAMS Goran Matic &#8211; Immersioinfinita(referred to in this data protection declaration as \u201e [&hellip;]<\/p>","protected":false},"author":1,"featured_media":0,"parent":0,"menu_order":0,"comment_status":"closed","ping_status":"closed","template":"","meta":{"site-sidebar-layout":"default","site-content-layout":"","ast-site-content-layout":"default","site-content-style":"default","site-sidebar-style":"default","ast-global-header-display":"","ast-banner-title-visibility":"","ast-main-header-display":"","ast-hfb-above-header-display":"","ast-hfb-below-header-display":"","ast-hfb-mobile-header-display":"","site-post-title":"","ast-breadcrumbs-content":"","ast-featured-img":"","footer-sml-layout":"","ast-disable-related-posts":"","theme-transparent-header-meta":"","adv-header-id-meta":"","stick-header-meta":"","header-above-stick-meta":"","header-main-stick-meta":"","header-below-stick-meta":"","astra-migrate-meta-layouts":"default","ast-page-background-enabled":"default","ast-page-background-meta":{"desktop":{"background-color":"var(--ast-global-color-5)","background-image":"","background-repeat":"repeat","background-position":"center center","background-size":"auto","background-attachment":"scroll","background-type":"","background-media":"","overlay-type":"","overlay-color":"","overlay-opacity":"","overlay-gradient":""},"tablet":{"background-color":"","background-image":"","background-repeat":"repeat","background-position":"center center","background-size":"auto","background-attachment":"scroll","background-type":"","background-media":"","overlay-type":"","overlay-color":"","overlay-opacity":"","overlay-gradient":""},"mobile":{"background-color":"","background-image":"","background-repeat":"repeat","background-position":"center center","background-size":"auto","background-attachment":"scroll","background-type":"","background-media":"","overlay-type":"","overlay-color":"","overlay-opacity":"","overlay-gradient":""}},"ast-content-background-meta":{"desktop":{"background-color":"var(--ast-global-color-4)","background-image":"","background-repeat":"repeat","background-position":"center center","background-size":"auto","background-attachment":"scroll","background-type":"","background-media":"","overlay-type":"","overlay-color":"","overlay-opacity":"","overlay-gradient":""},"tablet":{"background-color":"var(--ast-global-color-4)","background-image":"","background-repeat":"repeat","background-position":"center center","background-size":"auto","background-attachment":"scroll","background-type":"","background-media":"","overlay-type":"","overlay-color":"","overlay-opacity":"","overlay-gradient":""},"mobile":{"background-color":"var(--ast-global-color-4)","background-image":"","background-repeat":"repeat","background-position":"center center","background-size":"auto","background-attachment":"scroll","background-type":"","background-media":"","overlay-type":"","overlay-color":"","overlay-opacity":"","overlay-gradient":""}},"footnotes":""},"class_list":["post-282","page","type-page","status-publish","hentry"],"_links":{"self":[{"href":"https:\/\/ver0drone.com\/de\/wp-json\/wp\/v2\/pages\/282","targetHints":{"allow":["GET"]}}],"collection":[{"href":"https:\/\/ver0drone.com\/de\/wp-json\/wp\/v2\/pages"}],"about":[{"href":"https:\/\/ver0drone.com\/de\/wp-json\/wp\/v2\/types\/page"}],"author":[{"embeddable":true,"href":"https:\/\/ver0drone.com\/de\/wp-json\/wp\/v2\/users\/1"}],"replies":[{"embeddable":true,"href":"https:\/\/ver0drone.com\/de\/wp-json\/wp\/v2\/comments?post=282"}],"version-history":[{"count":1,"href":"https:\/\/ver0drone.com\/de\/wp-json\/wp\/v2\/pages\/282\/revisions"}],"predecessor-version":[{"id":459,"href":"https:\/\/ver0drone.com\/de\/wp-json\/wp\/v2\/pages\/282\/revisions\/459"}],"wp:attachment":[{"href":"https:\/\/ver0drone.com\/de\/wp-json\/wp\/v2\/media?parent=282"}],"curies":[{"name":"wp","href":"https:\/\/api.w.org\/{rel}","templated":true}]}}