{"id":280,"date":"2025-07-05T08:27:47","date_gmt":"2025-07-05T08:27:47","guid":{"rendered":"https:\/\/ver0drone.com\/?page_id=280"},"modified":"2025-07-05T08:27:48","modified_gmt":"2025-07-05T08:27:48","slug":"impressum","status":"publish","type":"page","link":"https:\/\/ver0drone.com\/de\/impressum\/","title":{"rendered":"Impressum"},"content":{"rendered":"<p><strong>Diese Website, ver0drone.com, wird betrieben von und im Namen von: \u201eGoran Matic \u2013 immersioninfinita\u201c, Maria Theresia Stra\u00dfe 19\/4\/26, 4600 Wels, \u00d6sterreich.<\/strong><strong><\/strong><\/p>\n\n\n\n<p>Tel: +43 676 532 3218<\/p>\n\n\n\n<p>Bitte kontaktieren Sie uns f\u00fcr Ihre Service- und Produktanfragen sowie technische Anfragen \u00fcber unser Kontaktformular. Alternativ k\u00f6nnen Sie uns auch \u00fcber unsere kostenlose Service-Hotline unter **+43 676 532 3218** erreichen.<\/p>\n\n\n\n<p>zu erreichen.<\/p>\n\n\n\n<p><strong>Verantwortlich f\u00fcr den Betrieb der Webseite<\/strong><\/p>\n\n\n\n<p>Webmaster, <a href=\"mailto:info@immersioinfinita.com\" target=\"_blank\" rel=\"noreferrer noopener\">E-Mail senden<\/a><\/p>\n\n\n\n<p>Gesch\u00e4ftsf\u00fchrer und\/oder vertretungsberechtigt: Goran Matic<\/p>\n\n\n\n<p>EORI: ATEOS1000147746<\/p>\n\n\n\n<p>UID: ATU81118746<\/p>\n\n\n\n<p>Inhaltlich verantwortlich: Goran Matic<\/p>\n\n\n\n<p><strong>Haftungshinweis<\/strong><\/p>\n\n\n\n<p>Trotz sorgf\u00e4ltiger inhaltlicher Kontrolle \u00fcbernehmen wir keine Haftung f\u00fcr die Inhalte externer Links. F\u00fcr den Inhalt der verlinkten Seiten sind ausschlie\u00dflich deren Betreiber verantwortlich.<\/p>\n\n\n\n<p><strong>Nutzungsbedingungen<\/strong><\/p>\n\n\n\n<p>Voraussetzung f\u00fcr den Zugriff auf und die Nutzung dieser Website ist die vollst\u00e4ndige Zustimmung und Einhaltung der nachfolgenden Nutzungsbedingungen. Bitte beachten Sie, dass \u00c4nderungen am Inhalt dieser Website, einschlie\u00dflich dieser Nutzungsbedingungen, von Goran Matic \u2013 Immersioinfinita von Zeit zu Zeit vorgenommen werden k\u00f6nnen.<\/p>\n\n\n\n<p><strong>Informationen zu Produkten und Dienstleistungen auf dieser Website<\/strong><\/p>\n\n\n\n<p>Immersioinfinita entwickelt seine Produkte und Dienstleistungen st\u00e4ndig weiter. Immersioinfinita beh\u00e4lt sich daher das Recht vor, die hier genannten Produkte und Dienstleistungen zu \u00e4ndern und zu verbessern. Bitte beachten Sie, dass \u00c4nderungen der Produkt- und Dienstleistungsverf\u00fcgbarkeit jederzeit ohne Vorank\u00fcndigung vorgenommen werden k\u00f6nnen.<\/p>\n\n\n\n<p>Die gezeigten Farben k\u00f6nnen je nach Monitor- und Bildschirmaufl\u00f6sung von den tats\u00e4chlichen Farben abweichen. Irrt\u00fcmer und Tippfehler vorbehalten.\nDie Informationen und Dienstleistungen auf dieser Website sind ausschlie\u00dflich f\u00fcr Personen bestimmt, die von \u00d6sterreich aus darauf zugreifen.<br>Die Informationen und Dienstleistungen auf dieser Website sind ausschlie\u00dflich f\u00fcr Personen bestimmt, die von \u00d6sterreich aus auf sie zugreifen.<\/p>\n\n\n\n<p><strong>Urheberrecht<\/strong><\/p>\n\n\n\n<p>Der gesamte Inhalt dieser Website ist urheberrechtlich gesch\u00fctzt. Alle Informationen, Texte, Bilder und Grafiken auf dieser Website d\u00fcrfen ausschlie\u00dflich f\u00fcr Ihre pers\u00f6nlichen, nicht-kommerziellen Zwecke verwendet werden. Inhalte, Software oder Informationen, die auf dieser Website enthalten sind, d\u00fcrfen ohne unsere vorherige schriftliche Zustimmung zu keinem Zweck, ganz oder teilweise, ge\u00e4ndert, lizenziert, \u00fcbertragen, reproduziert, weitergeleitet, verkauft oder ver\u00f6ffentlicht werden.<\/p>\n\n\n\n<p>Immersioinfinita besitzt die ausschlie\u00dflichen Nutzungsrechte am Bildmaterial. Der Download, die Nutzung und die Ver\u00f6ffentlichung des Bildmaterials bed\u00fcrfen der schriftlichen Zustimmung von Goran Matic \u2013 Immersioinfinita.<\/p>\n\n\n\n<p>Dies gilt nicht f\u00fcr den Download, die Nutzung und die Ver\u00f6ffentlichung des Bildmaterials durch Presseorgane in Print- und Onlinemedien im Rahmen der redaktionellen Berichterstattung.<\/p>\n\n\n\n<p><strong>Haftungsbeschr\u00e4nkung<\/strong><\/p>\n\n\n\n<p>Wir lehnen ausdr\u00fccklich jede Haftung f\u00fcr direkte, indirekte oder Folgesch\u00e4den ab, die sich aus Ihrem Zugriff auf die Website http:\/\/ver0drone.com oder deren Nutzung ergeben oder in irgendeiner Weise damit zusammenh\u00e4ngen.<a href=\"http:\/\/www.immersioinfinita.com\" target=\"_blank\" rel=\"noreferrer noopener\">.com<\/a> Website oder ihre Nutzung entsteht oder in irgendeiner Weise mit ihr zusammenh\u00e4ngt.<\/p>\n\n\n\n<p><strong>Links<\/strong><\/p>\n\n\n\n<p class=\"translation-block\">Die ver0drone.com Website kann Links zu anderen Websites enthalten, die v\u00f6llig unabh\u00e4ngig von dieser Website sind. Der Zugriff auf diese Websites erfolgt auf eigenes Risiko. Goran Matic \u2013 Immersioinfinita \u00fcbernimmt keine Haftung f\u00fcr alle Inhalte oder f\u00fcr die Datenschutzerkl\u00e4rungen dieser Websites.<\/p>\n\n\n\n<p><strong>Fragen<\/strong><\/p>\n\n\n\n<p>Wenn Sie Fragen zu den von uns angebotenen Produkten und Dienstleistungen haben, wenden Sie sich bitte an die entsprechende Kontaktstelle. Bei Fragen zu dieser Website kontaktieren Sie bitte info@ver0drone.com. <a href=\"mailto:info@ver0drone.com\">info@ver0drone.com<\/a><\/p>","protected":false},"excerpt":{"rendered":"<p>This website, ver0drone.com, is operated by and on behalf of: &#8220;\u201cGoran Matic &#8211; immersioninfinita\u201d, Maria Theresia Strasse 19\/4\/26, 4600 Wels, [&hellip;]<\/p>","protected":false},"author":1,"featured_media":0,"parent":0,"menu_order":0,"comment_status":"closed","ping_status":"closed","template":"","meta":{"site-sidebar-layout":"default","site-content-layout":"","ast-site-content-layout":"default","site-content-style":"default","site-sidebar-style":"default","ast-global-header-display":"","ast-banner-title-visibility":"","ast-main-header-display":"","ast-hfb-above-header-display":"","ast-hfb-below-header-display":"","ast-hfb-mobile-header-display":"","site-post-title":"","ast-breadcrumbs-content":"","ast-featured-img":"","footer-sml-layout":"","ast-disable-related-posts":"","theme-transparent-header-meta":"","adv-header-id-meta":"","stick-header-meta":"","header-above-stick-meta":"","header-main-stick-meta":"","header-below-stick-meta":"","astra-migrate-meta-layouts":"default","ast-page-background-enabled":"default","ast-page-background-meta":{"desktop":{"background-color":"var(--ast-global-color-5)","background-image":"","background-repeat":"repeat","background-position":"center center","background-size":"auto","background-attachment":"scroll","background-type":"","background-media":"","overlay-type":"","overlay-color":"","overlay-opacity":"","overlay-gradient":""},"tablet":{"background-color":"","background-image":"","background-repeat":"repeat","background-position":"center center","background-size":"auto","background-attachment":"scroll","background-type":"","background-media":"","overlay-type":"","overlay-color":"","overlay-opacity":"","overlay-gradient":""},"mobile":{"background-color":"","background-image":"","background-repeat":"repeat","background-position":"center center","background-size":"auto","background-attachment":"scroll","background-type":"","background-media":"","overlay-type":"","overlay-color":"","overlay-opacity":"","overlay-gradient":""}},"ast-content-background-meta":{"desktop":{"background-color":"var(--ast-global-color-4)","background-image":"","background-repeat":"repeat","background-position":"center center","background-size":"auto","background-attachment":"scroll","background-type":"","background-media":"","overlay-type":"","overlay-color":"","overlay-opacity":"","overlay-gradient":""},"tablet":{"background-color":"var(--ast-global-color-4)","background-image":"","background-repeat":"repeat","background-position":"center center","background-size":"auto","background-attachment":"scroll","background-type":"","background-media":"","overlay-type":"","overlay-color":"","overlay-opacity":"","overlay-gradient":""},"mobile":{"background-color":"var(--ast-global-color-4)","background-image":"","background-repeat":"repeat","background-position":"center center","background-size":"auto","background-attachment":"scroll","background-type":"","background-media":"","overlay-type":"","overlay-color":"","overlay-opacity":"","overlay-gradient":""}},"footnotes":""},"class_list":["post-280","page","type-page","status-publish","hentry"],"_links":{"self":[{"href":"https:\/\/ver0drone.com\/de\/wp-json\/wp\/v2\/pages\/280","targetHints":{"allow":["GET"]}}],"collection":[{"href":"https:\/\/ver0drone.com\/de\/wp-json\/wp\/v2\/pages"}],"about":[{"href":"https:\/\/ver0drone.com\/de\/wp-json\/wp\/v2\/types\/page"}],"author":[{"embeddable":true,"href":"https:\/\/ver0drone.com\/de\/wp-json\/wp\/v2\/users\/1"}],"replies":[{"embeddable":true,"href":"https:\/\/ver0drone.com\/de\/wp-json\/wp\/v2\/comments?post=280"}],"version-history":[{"count":0,"href":"https:\/\/ver0drone.com\/de\/wp-json\/wp\/v2\/pages\/280\/revisions"}],"wp:attachment":[{"href":"https:\/\/ver0drone.com\/de\/wp-json\/wp\/v2\/media?parent=280"}],"curies":[{"name":"wp","href":"https:\/\/api.w.org\/{rel}","templated":true}]}}