{"id":276,"date":"2025-07-05T08:18:26","date_gmt":"2025-07-05T08:18:26","guid":{"rendered":"https:\/\/ver0drone.com\/?page_id=276"},"modified":"2025-07-05T08:18:27","modified_gmt":"2025-07-05T08:18:27","slug":"wie-verwenden-wir-ihre-daten","status":"publish","type":"page","link":"https:\/\/ver0drone.com\/de\/wie-verwenden-wir-ihre-daten\/","title":{"rendered":"WIE VERWENDEN WIR IHRE DATEN?"},"content":{"rendered":"<p>Wir verwenden die von uns gesammelten Daten f\u00fcr die folgenden Zwecke:<\/p>\n\n\n\n<ul class=\"wp-block-list\">\n<li>Zur Unterst\u00fctzung bei der Registrierung von Ihnen oder Ihrem Ger\u00e4t f\u00fcr unsere Dienste.<\/li>\n\n\n\n<li>Um eine von Ihnen gew\u00fcnschte Dienstleistung oder Funktion zu erbringen.<\/li>\n\n\n\n<li>Zur Bereitstellung von ma\u00dfgeschneiderten Inhalten und personalisierten Diensten auf der Grundlage Ihrer fr\u00fcheren Aktivit\u00e4ten in unseren Diensten mit Ihrer gesonderten Zustimmung, falls erforderlich.<\/li>\n\n\n\n<li>Um Ihnen personalisierte und\/oder allgemeine Werbung, Promotionen und Angebote, die Sie interessieren k\u00f6nnten, in unseren Diensten, auf unseren Websites, den Websites Dritter und Online-Plattformen wie Social-Media-Sites mit Ihrer gesonderten Zustimmung, falls erforderlich, zukommen zu lassen. Wir werden Ihnen nur dann personalisierte Werbung, Aktionen und Angebote zusenden, wenn Sie Ihr Einverst\u00e4ndnis zum Erhalt von Marketingkommunikation von Ver0drone.com gegeben haben.<\/li>\n\n\n\n<li>Zur Bereitstellung von Werbeaktionen und Angeboten mittels Direktmarketing-Kommunikation (z. B. per E-Mail, Push-Benachrichtigung oder Textnachricht\/SMS), sofern Sie Ihre gesonderte Zustimmung erteilt haben.<\/li>\n\n\n\n<li>Zur Durchf\u00fchrung, Bewertung und Verbesserung unserer Gesch\u00e4ftsprozesse, einschlie\u00dflich der Entwicklung und Verbesserung neuer und bestehender Produkte und Dienstleistungen, der Verwaltung und Verbesserung unserer Kommunikation, der Analyse unserer Produkte und unseres Kundenstamms (einschlie\u00dflich der Durchf\u00fchrung von Marktforschung; Einholung Ihrer Meinung zu unseren Produkten und Dienstleistungen und Durchf\u00fchrung von Kundenumfragen mit Ihrer gesonderten Zustimmung, falls erforderlich) und zur Aggregation und Anonymisierung von Daten.<\/li>\n\n\n\n<li>Zur Bereitstellung von Software-Updates,<\/li>\n\n\n\n<li>Zur Bereitstellung unseres Kundendienstes<\/li>\n\n\n\n<li>Zum Schutz der Rechte, des Eigentums oder der Sicherheit von Ver0drone.com oder unserer angeschlossenen Unternehmen, Gesch\u00e4ftspartner oder Kunden.<\/li>\n\n\n\n<li>Beantwortung Ihrer Fragen und Anfragen, auch in Bezug auf Ihre pers\u00f6nlichen Daten.<\/li>\n\n\n\n<li>Zur Aufdeckung und Vorbeugung sowie zum Schutz vor Betrug und anderen kriminellen Handlungen, Anspr\u00fcchen und anderen Verpflichtungen.<\/li>\n\n\n\n<li>Zur Einhaltung und Durchsetzung der geltenden gesetzlichen Bestimmungen, der einschl\u00e4gigen Branchenstandards und unserer Richtlinien, einschlie\u00dflich der Datenschutzerkl\u00e4rung von Ver0drone.com.<\/li>\n\n\n\n<li>Um ein defektes Produkt zu untersuchen, das an Ver0drone.com zur\u00fcckgeschickt wurde.<\/li>\n<\/ul>\n\n\n\n<p>Wir verwenden und kombinieren die Daten, die wir \u00fcber unsere Dienste, Ger\u00e4te oder andere Quellen \u00fcber Sie sammeln, um Ihnen ein besseres Erlebnis zu bieten. So k\u00f6nnen Sie beispielsweise Zahlungsinformationen, die Sie beim Einkauf auf unserer Website verwendet haben, speichern, damit der n\u00e4chste Zahlungsvorgang schneller abl\u00e4uft. Au\u00dferdem verwenden wir die Daten, die Sie uns direkt oder \u00fcber andere Quellen wie oben beschrieben zur Verf\u00fcgung stellen, um Ihnen Inhalte anzubieten, die Ihnen gefallen k\u00f6nnten oder die auf Sie zugeschnitten sind.<\/p>\n\n\n\n<p>Sie haben verschiedene M\u00f6glichkeiten, Ihre Daten zu nutzen. Weitere Informationen finden Sie im Abschnitt&nbsp;<a href=\"https:\/\/www.samsung.com\/at\/info\/privacy\/#privacy-ctns-seven\">WELCHE RECHTE HABEN SIE?<\/a>.<\/p>\n\n\n\n<p>Nicht zielgerichtete Werbung<\/p>\n\n\n\n<p>Bitte beachten Sie, dass Ihre Wahl des Datenschutzes in Bezug auf interessenbezogene oder personalisierte Werbung (\"zielgerichtete Werbung\") keine Auswirkungen darauf hat, ob Sie sich allgemeine, grundlegende oder kontextbezogene Werbung (\"nicht zielgerichtete Werbung\") anzeigen lassen. Letztere basieren nicht speziell auf den Ihnen zugewiesenen Informationen, um gezielte Werbung f\u00fcr einen bestimmten Dienst zu liefern.<\/p>\n\n\n\n<p>Zu den Informationen, die wir nutzen, um Ihnen nicht zielgerichtete Werbung anzuzeigen, geh\u00f6ren bei mobilen Endger\u00e4ten die Informationen \u00fcber die jeweilige App (z. B. App-Paket, Version, Name und Domain), Ger\u00e4teinformationen (z. B. Ger\u00e4tetyp, Hersteller, Betriebssystem, Version, Bildschirminformationen, Telekommunikationsanbieter, Land und Sprache) sowie Ger\u00e4te-IDs (z. B. IP-Adresse und Werbe-ID). Diese Daten geben wir an vertrauensw\u00fcrdige Gesch\u00e4ftspartner (Verantwortliche) und Dienstleister (Auftragsverarbeiter) weiter, um Ihnen nicht zielgerichtete Werbung zu zeigen, sofern die daf\u00fcr notwendigen vertraglichen Vereinbarungen getroffen wurden.<\/p>\n\n\n\n<p>Ver0drone.com verarbeitet diese begrenzten Daten auf der Grundlage seines berechtigten Interesses an der Bereitstellung von nicht zielgerichteter Werbung. Diese Werbung kann weniger relevant sein, da sie nicht auf Ihren Interessen basiert.<\/p>\n\n\n\n<p>Ver0drone.com verarbeitet personenbezogene Daten f\u00fcr die oben beschriebenen Zwecke. Die Rechtsgrundlage von Ver0drone.com f\u00fcr die Verarbeitung personenbezogener Daten ist die Verarbeitung, die:<\/p>\n\n\n\n<p>(a) sicherstellt, dass wir unsere Zusagen Ihnen gegen\u00fcber einhalten k\u00f6nnen, z. B. indem wir Ihnen eine Dienstleistung erbringen (Vertragserf\u00fcllung durch Erbringung einer Dienstleistung, Art. 6 Abs. 1 lit. b) DSGVO).<br>(b) zur Unterst\u00fctzung unserer Gesch\u00e4ftsinteressen (berechtigtes Interesse, Art. 6 Abs. 1 lit. b) DSGVO z. B. an der Verwaltung unserer Gesch\u00e4ftsbeziehung mit Ihnen; Verbesserung des Kundenservices, Bereitstellung generischer Werbung), einschlie\u00dflich der Kommunikation auf unserer Website, auf Websites Dritter und auf Online-Plattformen.<br>(c) die Einhaltung von Gesetzen und rechtlichen Verfahren sicherstellt (Artikel 6 Absatz 1 Buchstabe c) DSGVO).<br>(d) auf Ihrer gesonderten Einwilligung beruht (Art. 6 Abs. 1 lit. a) und Art. 9 DSGVO f\u00fcr besondere personenbezogene Daten), z. B. f\u00fcr die Zusendung von Direktmarketing-Mitteilungen. Wenn wir Sie um Ihre Einwilligung bitten, teilen wir Ihnen mit, welche Daten wir verwenden und wie Sie Ihre Einwilligung widerrufen k\u00f6nnen; der Widerruf der Einwilligung hat keinen Einfluss auf die Rechtm\u00e4\u00dfigkeit der Datenverarbeitung vor dem Widerruf. Sie k\u00f6nnen Ihre Einwilligung auch widerrufen, indem Sie wie im Abschnitt&nbsp;<a href=\"https:\/\/www.samsung.com\/at\/info\/privacy\/#privacy-ctns-eight-two\">KONTAKT<\/a>&nbsp;kontaktieren Sie uns in dieser Datenschutzerkl\u00e4rung.<\/p>\n\n\n\n<p>Ver0drone.com ist verantwortlich f\u00fcr Ihre pers\u00f6nlichen Daten wie oben beschrieben. F\u00fcr bestimmte Direktmarketing-Kommunikation und bestimmte personalisierte Werbung in Europa ist Ver0drone.com mit Sitz in \u00d6sterreich ebenfalls f\u00fcr Ihre personenbezogenen Daten verantwortlich. Ihre personenbezogenen Daten werden auch von einigen unserer europ\u00e4ischen Ver0drone.com Tochtergesellschaften in den jeweiligen L\u00e4ndern verarbeitet. Diese fungieren im Einzelfall als Verantwortliche, u. a. f\u00fcr den Kundenservice und bestimmte Marketingaktivit\u00e4ten, und stellen zur Erl\u00e4uterung eine eigene lokale Datenschutzerkl\u00e4rung auf ihrer Website zur Verf\u00fcgung.<\/p>","protected":false},"excerpt":{"rendered":"<p>We use the data we collect for the following purposes: We use and combine the data that we collect about [&hellip;]<\/p>","protected":false},"author":1,"featured_media":0,"parent":0,"menu_order":0,"comment_status":"closed","ping_status":"closed","template":"","meta":{"site-sidebar-layout":"default","site-content-layout":"","ast-site-content-layout":"default","site-content-style":"default","site-sidebar-style":"default","ast-global-header-display":"","ast-banner-title-visibility":"","ast-main-header-display":"","ast-hfb-above-header-display":"","ast-hfb-below-header-display":"","ast-hfb-mobile-header-display":"","site-post-title":"","ast-breadcrumbs-content":"","ast-featured-img":"","footer-sml-layout":"","ast-disable-related-posts":"","theme-transparent-header-meta":"","adv-header-id-meta":"","stick-header-meta":"","header-above-stick-meta":"","header-main-stick-meta":"","header-below-stick-meta":"","astra-migrate-meta-layouts":"default","ast-page-background-enabled":"default","ast-page-background-meta":{"desktop":{"background-color":"var(--ast-global-color-5)","background-image":"","background-repeat":"repeat","background-position":"center center","background-size":"auto","background-attachment":"scroll","background-type":"","background-media":"","overlay-type":"","overlay-color":"","overlay-opacity":"","overlay-gradient":""},"tablet":{"background-color":"","background-image":"","background-repeat":"repeat","background-position":"center center","background-size":"auto","background-attachment":"scroll","background-type":"","background-media":"","overlay-type":"","overlay-color":"","overlay-opacity":"","overlay-gradient":""},"mobile":{"background-color":"","background-image":"","background-repeat":"repeat","background-position":"center center","background-size":"auto","background-attachment":"scroll","background-type":"","background-media":"","overlay-type":"","overlay-color":"","overlay-opacity":"","overlay-gradient":""}},"ast-content-background-meta":{"desktop":{"background-color":"var(--ast-global-color-4)","background-image":"","background-repeat":"repeat","background-position":"center center","background-size":"auto","background-attachment":"scroll","background-type":"","background-media":"","overlay-type":"","overlay-color":"","overlay-opacity":"","overlay-gradient":""},"tablet":{"background-color":"var(--ast-global-color-4)","background-image":"","background-repeat":"repeat","background-position":"center center","background-size":"auto","background-attachment":"scroll","background-type":"","background-media":"","overlay-type":"","overlay-color":"","overlay-opacity":"","overlay-gradient":""},"mobile":{"background-color":"var(--ast-global-color-4)","background-image":"","background-repeat":"repeat","background-position":"center center","background-size":"auto","background-attachment":"scroll","background-type":"","background-media":"","overlay-type":"","overlay-color":"","overlay-opacity":"","overlay-gradient":""}},"footnotes":""},"class_list":["post-276","page","type-page","status-publish","hentry"],"_links":{"self":[{"href":"https:\/\/ver0drone.com\/de\/wp-json\/wp\/v2\/pages\/276","targetHints":{"allow":["GET"]}}],"collection":[{"href":"https:\/\/ver0drone.com\/de\/wp-json\/wp\/v2\/pages"}],"about":[{"href":"https:\/\/ver0drone.com\/de\/wp-json\/wp\/v2\/types\/page"}],"author":[{"embeddable":true,"href":"https:\/\/ver0drone.com\/de\/wp-json\/wp\/v2\/users\/1"}],"replies":[{"embeddable":true,"href":"https:\/\/ver0drone.com\/de\/wp-json\/wp\/v2\/comments?post=276"}],"version-history":[{"count":0,"href":"https:\/\/ver0drone.com\/de\/wp-json\/wp\/v2\/pages\/276\/revisions"}],"wp:attachment":[{"href":"https:\/\/ver0drone.com\/de\/wp-json\/wp\/v2\/media?parent=276"}],"curies":[{"name":"wp","href":"https:\/\/api.w.org\/{rel}","templated":true}]}}