{"id":274,"date":"2025-07-05T08:12:12","date_gmt":"2025-07-05T08:12:12","guid":{"rendered":"https:\/\/ver0drone.com\/?page_id=274"},"modified":"2025-07-05T11:01:52","modified_gmt":"2025-07-05T11:01:52","slug":"wie-d-owe-ihre-daten-schutzt","status":"publish","type":"page","link":"https:\/\/ver0drone.com\/de\/wie-d-owe-ihre-daten-schutzt\/","title":{"rendered":"WIE SCH\u00dcTZEN WIR IHRE DATEN?"},"content":{"rendered":"<p>Wir nehmen den Datenschutz ernst.\nWir haben physische und technische Schutzma\u00dfnahmen ergriffen (und halten diese aufrecht), um die Sicherheit der von uns erfassten Daten zu gew\u00e4hrleisten. Auch wenn wir angemessene Schritte zum Schutz Ihrer Daten unternehmen, sind Websites, Internet\u00fcbertragungen, Computersysteme oder mobile Verbindungen niemals vollst\u00e4ndig sicher.<\/p>\n\n\n\n<p><\/p>","protected":false},"excerpt":{"rendered":"<p>We take data protection seriously. We have taken (and maintained) physical and technical protective measures to ensure the security of [&hellip;]<\/p>","protected":false},"author":1,"featured_media":0,"parent":0,"menu_order":0,"comment_status":"closed","ping_status":"closed","template":"","meta":{"site-sidebar-layout":"default","site-content-layout":"","ast-site-content-layout":"default","site-content-style":"default","site-sidebar-style":"default","ast-global-header-display":"","ast-banner-title-visibility":"","ast-main-header-display":"","ast-hfb-above-header-display":"","ast-hfb-below-header-display":"","ast-hfb-mobile-header-display":"","site-post-title":"","ast-breadcrumbs-content":"","ast-featured-img":"","footer-sml-layout":"","ast-disable-related-posts":"","theme-transparent-header-meta":"","adv-header-id-meta":"","stick-header-meta":"","header-above-stick-meta":"","header-main-stick-meta":"","header-below-stick-meta":"","astra-migrate-meta-layouts":"default","ast-page-background-enabled":"default","ast-page-background-meta":{"desktop":{"background-color":"var(--ast-global-color-5)","background-image":"","background-repeat":"repeat","background-position":"center center","background-size":"auto","background-attachment":"scroll","background-type":"","background-media":"","overlay-type":"","overlay-color":"","overlay-opacity":"","overlay-gradient":""},"tablet":{"background-color":"","background-image":"","background-repeat":"repeat","background-position":"center center","background-size":"auto","background-attachment":"scroll","background-type":"","background-media":"","overlay-type":"","overlay-color":"","overlay-opacity":"","overlay-gradient":""},"mobile":{"background-color":"","background-image":"","background-repeat":"repeat","background-position":"center center","background-size":"auto","background-attachment":"scroll","background-type":"","background-media":"","overlay-type":"","overlay-color":"","overlay-opacity":"","overlay-gradient":""}},"ast-content-background-meta":{"desktop":{"background-color":"var(--ast-global-color-4)","background-image":"","background-repeat":"repeat","background-position":"center center","background-size":"auto","background-attachment":"scroll","background-type":"","background-media":"","overlay-type":"","overlay-color":"","overlay-opacity":"","overlay-gradient":""},"tablet":{"background-color":"var(--ast-global-color-4)","background-image":"","background-repeat":"repeat","background-position":"center center","background-size":"auto","background-attachment":"scroll","background-type":"","background-media":"","overlay-type":"","overlay-color":"","overlay-opacity":"","overlay-gradient":""},"mobile":{"background-color":"var(--ast-global-color-4)","background-image":"","background-repeat":"repeat","background-position":"center center","background-size":"auto","background-attachment":"scroll","background-type":"","background-media":"","overlay-type":"","overlay-color":"","overlay-opacity":"","overlay-gradient":""}},"footnotes":""},"class_list":["post-274","page","type-page","status-publish","hentry"],"_links":{"self":[{"href":"https:\/\/ver0drone.com\/de\/wp-json\/wp\/v2\/pages\/274","targetHints":{"allow":["GET"]}}],"collection":[{"href":"https:\/\/ver0drone.com\/de\/wp-json\/wp\/v2\/pages"}],"about":[{"href":"https:\/\/ver0drone.com\/de\/wp-json\/wp\/v2\/types\/page"}],"author":[{"embeddable":true,"href":"https:\/\/ver0drone.com\/de\/wp-json\/wp\/v2\/users\/1"}],"replies":[{"embeddable":true,"href":"https:\/\/ver0drone.com\/de\/wp-json\/wp\/v2\/comments?post=274"}],"version-history":[{"count":1,"href":"https:\/\/ver0drone.com\/de\/wp-json\/wp\/v2\/pages\/274\/revisions"}],"predecessor-version":[{"id":328,"href":"https:\/\/ver0drone.com\/de\/wp-json\/wp\/v2\/pages\/274\/revisions\/328"}],"wp:attachment":[{"href":"https:\/\/ver0drone.com\/de\/wp-json\/wp\/v2\/media?parent=274"}],"curies":[{"name":"wp","href":"https:\/\/api.w.org\/{rel}","templated":true}]}}