{"id":117,"date":"2025-07-01T17:52:36","date_gmt":"2025-07-01T17:52:36","guid":{"rendered":"https:\/\/ver0drone.com\/home\/"},"modified":"2026-04-26T18:56:01","modified_gmt":"2026-04-26T18:56:01","slug":"home","status":"publish","type":"page","link":"https:\/\/ver0drone.com\/de\/","title":{"rendered":"Startseite"},"content":{"rendered":"<div class=\"wp-block-group alignfull hostinger-ai-hero-for-online-store-1 hostinger-ai-fade-up has-light-background-color has-background has-large-font-size is-layout-constrained wp-block-group-is-layout-constrained\" style=\"margin-bottom:0;padding-top:0;padding-bottom:0\">\n<div class=\"wp-block-columns alignwide is-layout-flex wp-container-core-columns-is-layout-debbbd2e wp-block-columns-is-layout-flex\" style=\"margin-bottom:15px\">\n<div class=\"wp-block-column is-layout-flow wp-block-column-is-layout-flow\">\n<div class=\"wp-block-columns are-vertically-aligned-center is-light has-white-color hostinger-ai-cover-image hostinger-index-1 has-vivid-red-color has-light-background-color has-text-color has-background has-link-color wp-elements-13735c4255f13a0e81c345aed6a9c493 is-layout-flex wp-container-core-columns-is-layout-4827284c wp-block-columns-is-layout-flex\" style=\"margin-right:0;margin-left:0;padding-top:0;padding-bottom:0\">\n<div class=\"wp-block-column is-layout-flow wp-block-column-is-layout-flow\" style=\"flex-basis:100%\">\n<div class=\"wp-block-columns alignfull is-layout-flex wp-container-core-columns-is-layout-28f84493 wp-block-columns-is-layout-flex\">\n<div class=\"wp-block-column is-vertically-aligned-bottom is-layout-constrained wp-block-column-is-layout-constrained\" style=\"flex-basis:33.34%\">\n<p class=\"has-ast-global-color-0-color has-text-color has-link-color wp-elements-b35b25dafe0bedbea92a2824ac0e8814\"> <strong>Sublimation                  <\/strong><\/p>\n<\/div>\n\n\n\n<div class=\"wp-block-column is-layout-flow wp-container-core-column-is-layout-92d440f1 wp-block-column-is-layout-flow\" style=\"padding-top:0;padding-bottom:0;flex-basis:33.34%\">\n<figure class=\"wp-block-image size-large\"><img loading=\"lazy\" decoding=\"async\" width=\"1024\" height=\"689\" src=\"https:\/\/ver0drone.com\/wp-content\/uploads\/2025\/07\/ver0-high-resolution-logo-transparent-1024x689.png\" alt=\"\" class=\"wp-image-137\" srcset=\"https:\/\/ver0drone.com\/wp-content\/uploads\/2025\/07\/ver0-high-resolution-logo-transparent-1024x689.png 1024w, https:\/\/ver0drone.com\/wp-content\/uploads\/2025\/07\/ver0-high-resolution-logo-transparent-300x202.png 300w, https:\/\/ver0drone.com\/wp-content\/uploads\/2025\/07\/ver0-high-resolution-logo-transparent-768x516.png 768w, https:\/\/ver0drone.com\/wp-content\/uploads\/2025\/07\/ver0-high-resolution-logo-transparent-1536x1033.png 1536w, https:\/\/ver0drone.com\/wp-content\/uploads\/2025\/07\/ver0-high-resolution-logo-transparent-18x12.png 18w, https:\/\/ver0drone.com\/wp-content\/uploads\/2025\/07\/ver0-high-resolution-logo-transparent-600x404.png 600w, https:\/\/ver0drone.com\/wp-content\/uploads\/2025\/07\/ver0-high-resolution-logo-transparent.png 2000w\" sizes=\"auto, (max-width: 1024px) 100vw, 1024px\" \/><\/figure>\n<\/div>\n\n\n\n<div class=\"wp-block-column is-vertically-aligned-bottom is-layout-flow wp-container-core-column-is-layout-b108c007 wp-block-column-is-layout-flow\" style=\"border-style:none;border-width:0px;padding-right:0;padding-left:0;flex-basis:33.33%\">\n<p class=\"has-text-align-right hostinger-ai-title hostinger-index-1 has-text-color has-link-color wp-elements-152ad9ee4370e99904cf7c188b4ae0c9\" style=\"border-style:none;border-width:0px;border-radius:0px;color:#0d785a;margin-top:0;margin-bottom:0;padding-top:0;padding-bottom:0;font-size:34px\"><strong>Drohne &amp; 3DMarketing<\/strong><\/p>\n<\/div>\n<\/div>\n\n\n\n<div class=\"wp-block-buttons has-custom-font-size has-medium-font-size is-content-justification-space-between is-layout-flex wp-container-core-buttons-is-layout-4c417fde wp-block-buttons-is-layout-flex\" style=\"margin-top:0px\">\n<div class=\"wp-block-button has-custom-width wp-block-button__width-25 hostinger-ai-cta-button hostinger-index-1 is-style-outline is-style-outline--1\"><a class=\"wp-block-button__link has-ast-global-color-4-color has-ast-global-color-0-background-color has-text-color has-background has-link-color has-border-color has-color-2-border-color has-large-font-size has-custom-font-size wp-element-button\" href=\"https:\/\/ver0drone.com\/de\/shop\/\" style=\"border-style:dotted;border-width:1px;border-radius:100px;padding-top:0;padding-right:0px;padding-bottom:0;padding-left:0px;box-shadow:var(--wp--preset--shadow--sharp)\">Jetzt einkaufen<\/a><\/div>\n\n\n\n<div class=\"wp-block-button has-custom-width wp-block-button__width-25 hostinger-ai-cta-button hostinger-index-1 is-style-outline is-style-outline--2\"><a class=\"wp-block-button__link has-ast-global-color-4-color has-text-color has-background has-link-color has-border-color has-color-2-border-color has-large-font-size has-custom-font-size wp-element-button\" href=\"https:\/\/ver0drone.com\/de\/ver0drone\/\" style=\"border-style:dotted;border-width:1px;border-radius:100px;background-color:#0d785a;padding-top:0;padding-right:0;padding-bottom:0;padding-left:0;box-shadow:var(--wp--preset--shadow--sharp)\">Jetzt entdecken<\/a><\/div>\n<\/div>\n<\/div>\n<\/div>\n<\/div>\n<\/div>\n\n\n\n<div class=\"wp-block-columns is-layout-flex wp-container-core-columns-is-layout-28f84493 wp-block-columns-is-layout-flex\">\n<div class=\"wp-block-column is-layout-flow wp-block-column-is-layout-flow\" style=\"flex-basis:25%\"><\/div>\n\n\n\n<div class=\"wp-block-column has-small-font-size is-layout-flow wp-block-column-is-layout-flow\" style=\"padding-right:0;padding-left:0;flex-basis:25%\"><\/div>\n\n\n\n<div class=\"wp-block-column is-layout-flow wp-block-column-is-layout-flow\" style=\"flex-basis:25%\">\n<figure style=\"margin-top:0;margin-right:var(--wp--preset--spacing--50);margin-bottom:0;margin-left:var(--wp--preset--spacing--50);padding-top:0;padding-right:0;padding-bottom:0;padding-left:0\" class=\"wp-block-video\"><video autoplay controls muted src=\"https:\/\/ver0drone.com\/wp-content\/uploads\/2026\/04\/danicel-zavrsni-sa-muzikom-telefon.mp4\"><\/video><\/figure>\n<\/div>\n<\/div>\n\n\n\n<div class=\"wp-block-columns alignwide is-layout-flex wp-container-core-columns-is-layout-28f84493 wp-block-columns-is-layout-flex\">\n<div class=\"wp-block-column is-layout-flow wp-block-column-is-layout-flow\">\n<div class=\"wp-block-columns alignwide hero-item-wrap is-layout-flex wp-container-core-columns-is-layout-28f84493 wp-block-columns-is-layout-flex\">\n<div class=\"wp-block-column is-layout-flow wp-block-column-is-layout-flow\">\n<div class=\"wp-block-columns is-not-stacked-on-mobile hero-item is-layout-flex wp-container-core-columns-is-layout-28f84493 wp-block-columns-is-layout-flex\">\n<div class=\"wp-block-column is-layout-flow wp-block-column-is-layout-flow\" style=\"flex-basis:100%\">\n<div class=\"wp-block-group has-background is-vertical is-content-justification-center is-layout-flex wp-container-core-group-is-layout-f52adcc8 wp-block-group-is-layout-flex\" style=\"background-color:#eceff3;min-height:100%;padding-top:var(--wp--preset--spacing--50);padding-right:var(--wp--preset--spacing--50);padding-bottom:var(--wp--preset--spacing--50);padding-left:var(--wp--preset--spacing--50)\">\n<p class=\"hostinger-ai-title hostinger-index-2 has-medium-font-size\" style=\"padding-bottom:0px\">Ihre Momente, unsere Kreationen. Wir verwandeln Ihre Erinnerungen in zeitlose Geschenke<\/p>\n\n\n\n<p class=\"has-text-align-center hostinger-ai-title hostinger-index-3 has-medium-font-size\" style=\"padding-bottom:0px\">Heben Sie Ihre Marke hervor. Wir kreieren individuelle Waren, die einen bleibenden Eindruck hinterlassen.&nbsp;<\/p>\n\n\n\n<p class=\"has-text-align-center hostinger-ai-title hostinger-index-2 has-medium-font-size\" style=\"padding-bottom:0px\">Stellen Sie es sich vor. Wir drucken es. Entfesseln Sie Ihre Kreativit\u00e4t mit personalisierten Tassen, Schl\u00fcsselanh\u00e4ngern und mehr. &nbsp;&nbsp;&nbsp;<\/p>\n\n\n\n<div class=\"wp-block-buttons is-layout-flex wp-block-buttons-is-layout-flex\" style=\"margin-top:0px\">\n<div class=\"wp-block-button has-custom-width wp-block-button__width-100 hostinger-ai-cta-button hostinger-index-1 is-style-outline is-style-outline--3\"><a class=\"wp-block-button__link has-ast-global-color-4-color has-ast-global-color-0-background-color has-text-color has-background has-link-color has-border-color has-color-2-border-color has-custom-font-size wp-element-button\" href=\"https:\/\/ver0drone.com\/de\/sublimation-galery\/\" style=\"border-style:dotted;border-width:1px;border-radius:100px;padding-top:0;padding-right:var(--wp--preset--spacing--30);padding-bottom:0;padding-left:var(--wp--preset--spacing--30);box-shadow:var(--wp--preset--shadow--sharp);font-size:30px\">Galerie ansehen<\/a><\/div>\n<\/div>\n<\/div>\n<\/div>\n<\/div>\n\n\n\n<figure style=\"padding-top:0;padding-right:0;padding-bottom:0;padding-left:0\" class=\"wp-block-video\"><video autoplay controls loop muted src=\"https:\/\/ver0drone.com\/wp-content\/uploads\/2025\/09\/solje-hd-43.mp4\"><\/video><\/figure>\n<\/div>\n\n\n\n<div class=\"wp-block-column is-layout-flow wp-block-column-is-layout-flow\">\n<div class=\"wp-block-columns is-not-stacked-on-mobile hero-item is-layout-flex wp-container-core-columns-is-layout-28f84493 wp-block-columns-is-layout-flex\">\n<div class=\"wp-block-column is-vertically-aligned-center is-layout-flow wp-block-column-is-layout-flow\" style=\"flex-basis:100%\">\n<div class=\"wp-block-group has-background is-vertical is-content-justification-center is-layout-flex wp-container-core-group-is-layout-f52adcc8 wp-block-group-is-layout-flex\" style=\"background-color:#eceff3;min-height:100%;padding-top:var(--wp--preset--spacing--50);padding-right:var(--wp--preset--spacing--50);padding-bottom:var(--wp--preset--spacing--50);padding-left:var(--wp--preset--spacing--50)\">\n<p class=\"hostinger-ai-title hostinger-index-3 has-accent-3-color has-text-color has-link-color has-large-font-size wp-elements-7b8c2242ab4fd2935989a8ad7b0b1622\" style=\"padding-top:0;padding-bottom:0px\"><strong><em>Preisliste<\/em><\/strong><\/p>\n\n\n\n<p class=\"has-text-align-center hostinger-ai-title hostinger-index-3 has-medium-font-size\" style=\"padding-bottom:0px\">&nbsp; Verkaufen Sie Ihre Immobilie schneller. Gewinnen Sie mehr qualifizierte K\u00e4ufer.  Ziehen Sie mehr G\u00e4ste an. Buchen Sie mehr Aufenthalte&nbsp;<\/p>\n\n\n\n<p class=\"has-text-align-center hostinger-ai-title hostinger-index-3 has-medium-font-size\" style=\"padding-bottom:0px\">Verwandeln Sie Ihren Raum in ein Erlebnis. Unsere immersiven 3D-Touren erwecken R\u00e4ume zum Leben.&nbsp;<\/p>\n\n\n\n<div class=\"wp-block-buttons is-layout-flex wp-block-buttons-is-layout-flex\" style=\"margin-top:0px\">\n<div class=\"wp-block-button has-custom-width wp-block-button__width-100 hostinger-ai-cta-button hostinger-index-1 is-style-outline is-style-outline--4\"><a class=\"wp-block-button__link has-ast-global-color-4-color has-text-color has-background has-link-color has-border-color has-color-2-border-color has-custom-font-size wp-element-button\" href=\"https:\/\/ver0drone.com\/de\/3d-marketing-drone-fotage\/\" style=\"border-style:dotted;border-width:1px;border-radius:100px;background-color:#0d785a;padding-top:0;padding-right:var(--wp--preset--spacing--30);padding-bottom:0;padding-left:var(--wp--preset--spacing--30);box-shadow:var(--wp--preset--shadow--sharp);font-size:30px\">Mehr erfahren<\/a><\/div>\n<\/div>\n<\/div>\n<\/div>\n<\/div>\n\n\n\n<figure class=\"wp-block-video\"><video autoplay controls loop muted src=\"https:\/\/ver0drone.com\/wp-content\/uploads\/2025\/09\/drone-43.mp4\"><\/video><\/figure>\n<\/div>\n<\/div>\n<\/div>\n<\/div>\n<\/div>\n\n\n\n<div style=\"height:100px\" aria-hidden=\"true\" class=\"wp-block-spacer\"><\/div>\n\n\n\n<div class=\"wp-block-group alignfull is-content-justification-center is-layout-constrained wp-container-core-group-is-layout-df757ecc wp-block-group-is-layout-constrained\" style=\"margin-top:0;margin-bottom:0;padding-top:calc( 0.5 * var(--wp--style--root--padding-right, var(--wp--custom--gap--horizontal)));padding-right:var(--wp--style--root--padding-right, var(--wp--custom--gap--horizontal));padding-bottom:calc( 0.5 * var(--wp--style--root--padding-right, var(--wp--custom--gap--horizontal)));padding-left:var(--wp--style--root--padding-left, var(--wp--custom--gap--horizontal))\">\n<div class=\"wp-block-group alignwide hostinger-ai-fade-up is-nowrap is-layout-flex wp-container-core-group-is-layout-4ac5639c wp-block-group-is-layout-flex\" style=\"margin-bottom:0;padding-top:0;padding-bottom:var(--wp--preset--spacing--30)\">\n<div class=\"wp-block-columns is-layout-flex wp-container-core-columns-is-layout-28f84493 wp-block-columns-is-layout-flex\">\n<div class=\"wp-block-column is-layout-flow wp-block-column-is-layout-flow\" style=\"flex-basis:50%\">\n<h2 class=\"wp-block-heading hostinger-ai-title has-text-color has-link-color has-x-large-font-size wp-elements-861dd4c5e1902fb697724dfa64e2e4bd\" style=\"color:#0d0e78;margin-bottom:0\">Innovative Sublimationsl\u00f6sungen &amp; Drohnenaufnahmen<\/h2>\n<\/div>\n\n\n\n<div class=\"wp-block-column is-vertically-aligned-center has-small-font-size is-layout-constrained wp-block-column-is-layout-constrained\" style=\"flex-basis:50%\">\n<p class=\"hostinger-ai-description has-medium-font-size\">Bei ver0 spezialisieren wir uns auf hochwertige Sublimationsprodukte, 3D-Marketing und beeindruckende Drohnenaufnahmen, um einzigartige Angebote f\u00fcr Ihre kreativen Bed\u00fcrfnisse bereitzustellen. Entdecken Sie noch heute unsere vielf\u00e4ltigen Kollektionen!<\/p>\n<\/div>\n<\/div>\n<\/div>\n\n\n\n<div class=\"wp-block-group alignwide is-layout-constrained wp-block-group-is-layout-constrained\" style=\"padding-top:0;padding-bottom:0\">\n<div style=\"height:calc( 0.25 * var(--wp--style--root--padding-right, var(--wp--custom--gap--horizontal)));width:0px\" aria-hidden=\"true\" class=\"wp-block-spacer\"><\/div>\n\n\n\n<h2 class=\"wp-block-heading has-text-align-center hostinger-ai-title has-text-color has-link-color has-x-large-font-size wp-elements-b349b21ed66d7bc843704b28de254caa\" style=\"color:#0d0e78;margin-top:0;margin-bottom:var(--wp--preset--spacing--60)\">Sublimation &amp; Drohnen &amp; 360 Marketing<\/h2>\n\n\n\n<div class=\"wp-block-group alignwide is-layout-constrained wp-block-group-is-layout-constrained\">\n<div class=\"wp-block-columns is-layout-flex wp-container-core-columns-is-layout-28f84493 wp-block-columns-is-layout-flex\">\n<div class=\"wp-block-column is-layout-flow wp-block-column-is-layout-flow\" style=\"flex-basis:100%\">\n<div data-wp-context=\"{&quot;notices&quot;:[],&quot;hideNextPreviousButtons&quot;:false,&quot;isDisabledPrevious&quot;:true,&quot;isDisabledNext&quot;:false,&quot;ariaLabelPrevious&quot;:&quot;Fr\\u00fchere Produkte&quot;,&quot;ariaLabelNext&quot;:&quot;N\\u00e4chste Produkte&quot;,&quot;collection&quot;:&quot;woocommerce\\\/product-collection\\\/featured&quot;}\" data-wp-init=\"callbacks.onRender\" data-wp-interactive=\"woocommerce\/product-collection\" data-wp-router-region=\"wc-product-collection-0\" data-__private-preview-state=\"{&quot;isPreview&quot;:false,&quot;previewMessage&quot;:&quot;Actual products will vary depending on the page being viewed.&quot;}\" data-block-name=\"woocommerce\/product-collection\" data-collection=\"woocommerce\/product-collection\/featured\" data-dimensions=\"{&quot;widthType&quot;:&quot;fill&quot;}\" data-display-layout=\"{&quot;type&quot;:&quot;flex&quot;,&quot;columns&quot;:5,&quot;shrinkColumns&quot;:true}\" data-hide-controls=\"[&quot;inherit&quot;,&quot;featured&quot;,&quot;filterable&quot;]\" data-query-context-includes=\"[&quot;collection&quot;]\" data-query-id=\"0\" data-query=\"{&quot;perPage&quot;:5,&quot;pages&quot;:1,&quot;offset&quot;:0,&quot;postType&quot;:&quot;product&quot;,&quot;order&quot;:&quot;asc&quot;,&quot;orderBy&quot;:&quot;title&quot;,&quot;search&quot;:&quot;&quot;,&quot;exclude&quot;:[],&quot;inherit&quot;:false,&quot;taxQuery&quot;:[],&quot;isProductCollectionBlock&quot;:true,&quot;featured&quot;:true,&quot;woocommerceOnSale&quot;:false,&quot;woocommerceStockStatus&quot;:[&quot;instock&quot;,&quot;outofstock&quot;,&quot;onbackorder&quot;],&quot;woocommerceAttributes&quot;:[],&quot;woocommerceHandPickedProducts&quot;:[],&quot;filterable&quot;:false,&quot;relatedBy&quot;:{&quot;categories&quot;:true,&quot;tags&quot;:true}}\" data-tag-name=\"div\" class=\"wp-block-woocommerce-product-collection is-layout-flow wp-block-product-collection-is-layout-flow\">\t\t<div data-wp-interactive=\"woocommerce\/store-notices\" class=\"wc-block-components-notices alignwide\">\n\t\t\t<template data-wp-each--notice=\"state.notices\" data-wp-each-key=\"context.notice.id\">\n\t\t\t\t<div\n\t\t\t\t\tclass=\"wc-block-components-notice-banner\"\n\t\t\t\t\tdata-wp-init=\"callbacks.scrollIntoView\"\n\t\t\t\t\tdata-wp-class--is-error=\"state.isError\"\n\t\t\t\t\tdata-wp-class--is-success=\"state.isSuccess\"\n\t\t\t\t\tdata-wp-class--is-info=\"state.isInfo\"\n\t\t\t\t\tdata-wp-class--is-dismissible=\"context.notice.dismissible\"\n\t\t\t\t\tdata-wp-bind--role=\"state.role\"\n\t\t\t\t\tdata-wp-watch=\"callbacks.injectIcon\"\n\t\t\t\t>\n\t\t\t\t\t<div class=\"wc-block-components-notice-banner__content\">\n\t\t\t\t\t\t<span data-wp-init=\"callbacks.renderNoticeContent\" aria-live=\"assertive\" aria-atomic=\"true\"><\/span>\n\t\t\t\t\t<\/div>\n\t\t\t\t\t<button\n\t\t\t\t\t\tdata-wp-bind--hidden=\"!context.notice.dismissible\"\n\t\t\t\t\t\tclass=\"wc-block-components-button wp-element-button wc-block-components-notice-banner__dismiss contained\"\n\t\t\t\t\t\taria-label=\"Diese Mitteilung abweisen\"\n\t\t\t\t\t\tdata-wp-on--click=\"actions.removeNotice\" data-no-translation-aria-label=\"\"\n\t\t\t\t\t>\n\t\t\t\t\t\t<svg xmlns=\"http:\/\/www.w3.org\/2000\/svg\" viewbox=\"0 0 24 24\">\n\t\t\t\t\t\t\t<path d=\"M13 11.8l6.1-6.3-1-1-6.1 6.2-6.1-6.2-1 1 6.1 6.3-6.5 6.7 1 1 6.5-6.6 6.5 6.6 1-1z\" \/>\n\t\t\t\t\t\t<\/svg>\n\t\t\t\t\t<\/button>\n\t\t\t\t<\/div>\n\t\t\t<\/template>\n\t\t<\/div>\n\t\t\n\n\n\n<div data-block-name=\"woocommerce\/product-collection-no-results\" class=\"wp-block-woocommerce-product-collection-no-results\"><div class=\"wp-block-group is-vertical is-content-justification-center is-layout-flex wp-container-core-group-is-layout-6363bf74 wp-block-group-is-layout-flex\">\n<p class=\"has-medium-font-size\"><strong>Keine Ergebnisse gefunden<\/strong><\/p>\n\n\n\n<p>Sie k\u00f6nnen versuchen <a class=\"wc-link-clear-any-filters\" href=\"https:\/\/ver0drone.com\/de\/wp-json\/wp\/v2\/pages\/117\">alle Filter zu l\u00f6schen<\/a> oder besuchen Sie unser <a class=\"wc-link-stores-home\" href=\"https:\/\/ver0drone.com\/de\">Haus des Gesch\u00e4fts<\/a><\/p>\n<\/div><\/div><\/div>\n<\/div>\n<\/div>\n<\/div>\n\n\n\n<div style=\"height:calc( 0.25 * var(--wp--style--root--padding-right, var(--wp--custom--gap--horizontal)));width:0px\" aria-hidden=\"true\" class=\"wp-block-spacer\"><\/div>\n<\/div>\n<\/div>","protected":false},"excerpt":{"rendered":"<p>Sublimationsdrohne &amp; 3DMarketing Ihre Momente, unsere Kreationen. Wir verwandeln Ihre Erinnerungen in zeitlose Geschenke Erh\u00f6hen Sie Ihre Marke. Wir kreieren [...]<\/p>","protected":false},"author":1,"featured_media":0,"parent":0,"menu_order":0,"comment_status":"closed","ping_status":"closed","template":"","meta":{"site-sidebar-layout":"default","site-content-layout":"","ast-site-content-layout":"default","site-content-style":"default","site-sidebar-style":"default","ast-global-header-display":"","ast-banner-title-visibility":"","ast-main-header-display":"","ast-hfb-above-header-display":"","ast-hfb-below-header-display":"","ast-hfb-mobile-header-display":"","site-post-title":"","ast-breadcrumbs-content":"","ast-featured-img":"","footer-sml-layout":"","ast-disable-related-posts":"","theme-transparent-header-meta":"","adv-header-id-meta":"","stick-header-meta":"","header-above-stick-meta":"","header-main-stick-meta":"","header-below-stick-meta":"","astra-migrate-meta-layouts":"default","ast-page-background-enabled":"default","ast-page-background-meta":{"desktop":{"background-color":"var(--ast-global-color-5)","background-image":"","background-repeat":"repeat","background-position":"center center","background-size":"auto","background-attachment":"scroll","background-type":"","background-media":"","overlay-type":"","overlay-color":"","overlay-opacity":"","overlay-gradient":""},"tablet":{"background-color":"","background-image":"","background-repeat":"repeat","background-position":"center center","background-size":"auto","background-attachment":"scroll","background-type":"","background-media":"","overlay-type":"","overlay-color":"","overlay-opacity":"","overlay-gradient":""},"mobile":{"background-color":"","background-image":"","background-repeat":"repeat","background-position":"center center","background-size":"auto","background-attachment":"scroll","background-type":"","background-media":"","overlay-type":"","overlay-color":"","overlay-opacity":"","overlay-gradient":""}},"ast-content-background-meta":{"desktop":{"background-color":"var(--ast-global-color-4)","background-image":"","background-repeat":"repeat","background-position":"center center","background-size":"auto","background-attachment":"scroll","background-type":"","background-media":"","overlay-type":"","overlay-color":"","overlay-opacity":"","overlay-gradient":""},"tablet":{"background-color":"var(--ast-global-color-4)","background-image":"","background-repeat":"repeat","background-position":"center center","background-size":"auto","background-attachment":"scroll","background-type":"","background-media":"","overlay-type":"","overlay-color":"","overlay-opacity":"","overlay-gradient":""},"mobile":{"background-color":"var(--ast-global-color-4)","background-image":"","background-repeat":"repeat","background-position":"center center","background-size":"auto","background-attachment":"scroll","background-type":"","background-media":"","overlay-type":"","overlay-color":"","overlay-opacity":"","overlay-gradient":""}},"footnotes":""},"class_list":["post-117","page","type-page","status-publish","hentry"],"_links":{"self":[{"href":"https:\/\/ver0drone.com\/de\/wp-json\/wp\/v2\/pages\/117","targetHints":{"allow":["GET"]}}],"collection":[{"href":"https:\/\/ver0drone.com\/de\/wp-json\/wp\/v2\/pages"}],"about":[{"href":"https:\/\/ver0drone.com\/de\/wp-json\/wp\/v2\/types\/page"}],"author":[{"embeddable":true,"href":"https:\/\/ver0drone.com\/de\/wp-json\/wp\/v2\/users\/1"}],"replies":[{"embeddable":true,"href":"https:\/\/ver0drone.com\/de\/wp-json\/wp\/v2\/comments?post=117"}],"version-history":[{"count":83,"href":"https:\/\/ver0drone.com\/de\/wp-json\/wp\/v2\/pages\/117\/revisions"}],"predecessor-version":[{"id":5543,"href":"https:\/\/ver0drone.com\/de\/wp-json\/wp\/v2\/pages\/117\/revisions\/5543"}],"wp:attachment":[{"href":"https:\/\/ver0drone.com\/de\/wp-json\/wp\/v2\/media?parent=117"}],"curies":[{"name":"wp","href":"https:\/\/api.w.org\/{rel}","templated":true}]}}